
{"id":100,"date":"2021-05-22T18:49:22","date_gmt":"2021-05-22T22:49:22","guid":{"rendered":"http:\/\/leeswood.ca\/?page_id=100"},"modified":"2022-04-21T09:40:01","modified_gmt":"2022-04-21T13:40:01","slug":"message-from-the-partners","status":"publish","type":"page","link":"https:\/\/leeswood.ca\/fr\/about-us\/message-from-the-partners\/","title":{"rendered":"<p>Message Des Partenaires<\/p>"},"content":{"rendered":"<div data-elementor-type=\"wp-page\" data-elementor-id=\"100\" class=\"elementor elementor-100\">\n\t\t\t\t\t\t<section class=\"elementor-section elementor-top-section elementor-element elementor-element-3af05c7e elementor-section-boxed elementor-section-height-default elementor-section-height-default\" data-id=\"3af05c7e\" data-element_type=\"section\">\n\t\t\t\t\t\t<div class=\"elementor-container elementor-column-gap-default\">\n\t\t\t\t\t<div class=\"elementor-column elementor-col-100 elementor-top-column elementor-element elementor-element-6386595e\" data-id=\"6386595e\" data-element_type=\"column\">\n\t\t\t<div class=\"elementor-widget-wrap elementor-element-populated\">\n\t\t\t\t\t\t<div class=\"elementor-element elementor-element-9f1ad30 elementor-widget elementor-widget-text-editor\" data-id=\"9f1ad30\" data-element_type=\"widget\" data-widget_type=\"text-editor.default\">\n\t\t\t\t<div class=\"elementor-widget-container\">\n\t\t\t\t\t\t\t<p>Chez Leeswood Construction, nous nous engageons \u00e0 fournir des solutions rentables et de qualit\u00e9 pour nos projets dans ICI Construction (Industriel, Commerciale et Institutionnel).<\/p><p>Leeswood se consacre aux techniques de gestion de la construction et de livraison de projet int\u00e9gr\u00e9e qui, en collaboration avec nos nombreux clients, ont \u00e9volu\u00e9 pour mieux r\u00e9pondre \u00e0 leurs besoins.<\/p><p>Notre objectif est de construire des relations durables et \u00e0 long terme avec nos clients. Le r\u00e9sultat est un portfolio qui comprend de nombreux clients r\u00e9guliers qui se sentent en confiance et qui nous appellent pour tous leurs besoins, de la pr\u00e9-construction \u00e0 la post-construction.<\/p><p>Une attention m\u00e9ticuleuse aux d\u00e9tails est quelque chose sur laquelle nous insistons, et nous reconnaissons nos nombreux associ\u00e9s qui appuient nos normes de construction sans compromis.<\/p><p>Nous sommes fiers de notre \u00e9quipe et d\u00e9vou\u00e9s \u00e0 nos clients.<\/p><p>Sinc\u00e8rement,<br>Les Partenaires<\/p>\t\t\t\t\t\t<\/div>\n\t\t\t\t<\/div>\n\t\t\t\t\t<\/div>\n\t\t<\/div>\n\t\t\t\t\t<\/div>\n\t\t<\/section>\n\t\t\t\t<\/div>","protected":false},"excerpt":{"rendered":"<p>At Leeswood Construction, we are committed to providing quality and cost-effective solutions for our projects in ICI Construction. Leeswood is dedicated to Construction Management and Integrated Project Delivery techniques that, in co-operation with our many clients, have evolved to service their needs. Our objective is to build lasting, long-term relationships with our clients.&nbsp; The result&hellip; <a class=\"more-link\" href=\"https:\/\/leeswood.ca\/fr\/about-us\/message-from-the-partners\/\">Continue reading <span class=\"screen-reader-text\">Message Des Partenaires<\/span><\/a><\/p>","protected":false},"author":1,"featured_media":426,"parent":240,"menu_order":1,"comment_status":"closed","ping_status":"closed","template":"","meta":{"footnotes":""},"yoast_head":"<!-- This site is optimized with the Yoast SEO plugin v22.8 - https:\/\/yoast.com\/wordpress\/plugins\/seo\/ -->\n<title>Message From The Partners - Leeswood Construction<\/title>\n<meta name=\"robots\" content=\"index, follow, max-snippet:-1, max-image-preview:large, max-video-preview:-1\" \/>\n<link rel=\"canonical\" href=\"https:\/\/leeswood.ca\/fr\/about-us\/message-from-the-partners\/\" \/>\n<meta property=\"og:locale\" content=\"fr_CA\" \/>\n<meta property=\"og:type\" content=\"article\" \/>\n<meta property=\"og:title\" content=\"Message From The Partners - Leeswood Construction\" \/>\n<meta property=\"og:description\" content=\"At Leeswood Construction, we are committed to providing quality and cost-effective solutions for our projects in ICI Construction. Leeswood is dedicated to Construction Management and Integrated Project Delivery techniques that, in co-operation with our many clients, have evolved to service their needs. Our objective is to build lasting, long-term relationships with our clients.\u00a0 The result&hellip; Continue reading Message From The Partners\" \/>\n<meta property=\"og:url\" content=\"https:\/\/leeswood.ca\/fr\/about-us\/message-from-the-partners\/\" \/>\n<meta property=\"og:site_name\" content=\"Leeswood Construction\" \/>\n<meta property=\"article:publisher\" content=\"https:\/\/www.facebook.com\/LeeswoodConstruction\/\" \/>\n<meta property=\"article:modified_time\" content=\"2022-04-21T13:40:01+00:00\" \/>\n<meta property=\"og:image\" content=\"https:\/\/leeswood.ca\/wp-content\/uploads\/2797-themesgate-after.jpg\" \/>\n\t<meta property=\"og:image:width\" content=\"1503\" \/>\n\t<meta property=\"og:image:height\" content=\"1127\" \/>\n\t<meta property=\"og:image:type\" content=\"image\/jpeg\" \/>\n<meta name=\"twitter:card\" content=\"summary_large_image\" \/>\n<meta name=\"twitter:label1\" content=\"Estimation du temps de lecture\" \/>\n\t<meta name=\"twitter:data1\" content=\"1 minute\" \/>\n<script type=\"application\/ld+json\" class=\"yoast-schema-graph\">{\"@context\":\"https:\/\/schema.org\",\"@graph\":[{\"@type\":\"WebPage\",\"@id\":\"https:\/\/leeswood.ca\/about-us\/message-from-the-partners\/\",\"url\":\"https:\/\/leeswood.ca\/about-us\/message-from-the-partners\/\",\"name\":\"Message From The Partners - Leeswood Construction\",\"isPartOf\":{\"@id\":\"https:\/\/leeswood.ca\/fr\/#website\"},\"primaryImageOfPage\":{\"@id\":\"https:\/\/leeswood.ca\/about-us\/message-from-the-partners\/#primaryimage\"},\"image\":{\"@id\":\"https:\/\/leeswood.ca\/about-us\/message-from-the-partners\/#primaryimage\"},\"thumbnailUrl\":\"https:\/\/leeswood.ca\/wp-content\/uploads\/2797-themesgate-after.jpg\",\"datePublished\":\"2021-05-22T22:49:22+00:00\",\"dateModified\":\"2022-04-21T13:40:01+00:00\",\"breadcrumb\":{\"@id\":\"https:\/\/leeswood.ca\/about-us\/message-from-the-partners\/#breadcrumb\"},\"inLanguage\":\"fr-CA\",\"potentialAction\":[{\"@type\":\"ReadAction\",\"target\":[\"https:\/\/leeswood.ca\/about-us\/message-from-the-partners\/\"]}]},{\"@type\":\"ImageObject\",\"inLanguage\":\"fr-CA\",\"@id\":\"https:\/\/leeswood.ca\/about-us\/message-from-the-partners\/#primaryimage\",\"url\":\"https:\/\/leeswood.ca\/wp-content\/uploads\/2797-themesgate-after.jpg\",\"contentUrl\":\"https:\/\/leeswood.ca\/wp-content\/uploads\/2797-themesgate-after.jpg\",\"width\":1503,\"height\":1127},{\"@type\":\"BreadcrumbList\",\"@id\":\"https:\/\/leeswood.ca\/about-us\/message-from-the-partners\/#breadcrumb\",\"itemListElement\":[{\"@type\":\"ListItem\",\"position\":1,\"name\":\"Home\",\"item\":\"https:\/\/leeswood.ca\/\"},{\"@type\":\"ListItem\",\"position\":2,\"name\":\"Corporate Overview\",\"item\":\"https:\/\/leeswood.ca\/about-us\/\"},{\"@type\":\"ListItem\",\"position\":3,\"name\":\"Message From The Partners\"}]},{\"@type\":\"WebSite\",\"@id\":\"https:\/\/leeswood.ca\/fr\/#website\",\"url\":\"https:\/\/leeswood.ca\/fr\/\",\"name\":\"Leeswood Construction\",\"description\":\"Design \/ Build Specialists\",\"potentialAction\":[{\"@type\":\"SearchAction\",\"target\":{\"@type\":\"EntryPoint\",\"urlTemplate\":\"https:\/\/leeswood.ca\/fr\/?s={search_term_string}\"},\"query-input\":\"required name=search_term_string\"}],\"inLanguage\":\"fr-CA\"}]}<\/script>\n<!-- \/ Yoast SEO plugin. -->","yoast_head_json":{"title":"Message From The Partners - Leeswood Construction","robots":{"index":"index","follow":"follow","max-snippet":"max-snippet:-1","max-image-preview":"max-image-preview:large","max-video-preview":"max-video-preview:-1"},"canonical":"https:\/\/leeswood.ca\/fr\/about-us\/message-from-the-partners\/","og_locale":"fr_CA","og_type":"article","og_title":"Message From The Partners - Leeswood Construction","og_description":"At Leeswood Construction, we are committed to providing quality and cost-effective solutions for our projects in ICI Construction. Leeswood is dedicated to Construction Management and Integrated Project Delivery techniques that, in co-operation with our many clients, have evolved to service their needs. Our objective is to build lasting, long-term relationships with our clients.\u00a0 The result&hellip; Continue reading Message From The Partners","og_url":"https:\/\/leeswood.ca\/fr\/about-us\/message-from-the-partners\/","og_site_name":"Leeswood Construction","article_publisher":"https:\/\/www.facebook.com\/LeeswoodConstruction\/","article_modified_time":"2022-04-21T13:40:01+00:00","og_image":[{"width":1503,"height":1127,"url":"https:\/\/leeswood.ca\/wp-content\/uploads\/2797-themesgate-after.jpg","type":"image\/jpeg"}],"twitter_card":"summary_large_image","twitter_misc":{"Estimation du temps de lecture":"1 minute"},"schema":{"@context":"https:\/\/schema.org","@graph":[{"@type":"WebPage","@id":"https:\/\/leeswood.ca\/about-us\/message-from-the-partners\/","url":"https:\/\/leeswood.ca\/about-us\/message-from-the-partners\/","name":"Message From The Partners - Leeswood Construction","isPartOf":{"@id":"https:\/\/leeswood.ca\/fr\/#website"},"primaryImageOfPage":{"@id":"https:\/\/leeswood.ca\/about-us\/message-from-the-partners\/#primaryimage"},"image":{"@id":"https:\/\/leeswood.ca\/about-us\/message-from-the-partners\/#primaryimage"},"thumbnailUrl":"https:\/\/leeswood.ca\/wp-content\/uploads\/2797-themesgate-after.jpg","datePublished":"2021-05-22T22:49:22+00:00","dateModified":"2022-04-21T13:40:01+00:00","breadcrumb":{"@id":"https:\/\/leeswood.ca\/about-us\/message-from-the-partners\/#breadcrumb"},"inLanguage":"fr-CA","potentialAction":[{"@type":"ReadAction","target":["https:\/\/leeswood.ca\/about-us\/message-from-the-partners\/"]}]},{"@type":"ImageObject","inLanguage":"fr-CA","@id":"https:\/\/leeswood.ca\/about-us\/message-from-the-partners\/#primaryimage","url":"https:\/\/leeswood.ca\/wp-content\/uploads\/2797-themesgate-after.jpg","contentUrl":"https:\/\/leeswood.ca\/wp-content\/uploads\/2797-themesgate-after.jpg","width":1503,"height":1127},{"@type":"BreadcrumbList","@id":"https:\/\/leeswood.ca\/about-us\/message-from-the-partners\/#breadcrumb","itemListElement":[{"@type":"ListItem","position":1,"name":"Home","item":"https:\/\/leeswood.ca\/"},{"@type":"ListItem","position":2,"name":"Corporate Overview","item":"https:\/\/leeswood.ca\/about-us\/"},{"@type":"ListItem","position":3,"name":"Message From The Partners"}]},{"@type":"WebSite","@id":"https:\/\/leeswood.ca\/fr\/#website","url":"https:\/\/leeswood.ca\/fr\/","name":"Leeswood Construction","description":"Design \/ Build Specialists","potentialAction":[{"@type":"SearchAction","target":{"@type":"EntryPoint","urlTemplate":"https:\/\/leeswood.ca\/fr\/?s={search_term_string}"},"query-input":"required name=search_term_string"}],"inLanguage":"fr-CA"}]}},"_links":{"self":[{"href":"https:\/\/leeswood.ca\/fr\/wp-json\/wp\/v2\/pages\/100"}],"collection":[{"href":"https:\/\/leeswood.ca\/fr\/wp-json\/wp\/v2\/pages"}],"about":[{"href":"https:\/\/leeswood.ca\/fr\/wp-json\/wp\/v2\/types\/page"}],"author":[{"embeddable":true,"href":"https:\/\/leeswood.ca\/fr\/wp-json\/wp\/v2\/users\/1"}],"replies":[{"embeddable":true,"href":"https:\/\/leeswood.ca\/fr\/wp-json\/wp\/v2\/comments?post=100"}],"version-history":[{"count":57,"href":"https:\/\/leeswood.ca\/fr\/wp-json\/wp\/v2\/pages\/100\/revisions"}],"predecessor-version":[{"id":3050,"href":"https:\/\/leeswood.ca\/fr\/wp-json\/wp\/v2\/pages\/100\/revisions\/3050"}],"up":[{"embeddable":true,"href":"https:\/\/leeswood.ca\/fr\/wp-json\/wp\/v2\/pages\/240"}],"wp:featuredmedia":[{"embeddable":true,"href":"https:\/\/leeswood.ca\/fr\/wp-json\/wp\/v2\/media\/426"}],"wp:attachment":[{"href":"https:\/\/leeswood.ca\/fr\/wp-json\/wp\/v2\/media?parent=100"}],"curies":[{"name":"wp","href":"https:\/\/api.w.org\/{rel}","templated":true}]}}