
{"id":102,"date":"2021-05-22T18:50:41","date_gmt":"2021-05-22T22:50:41","guid":{"rendered":"http:\/\/leeswood.ca\/?page_id=102"},"modified":"2022-05-26T13:28:44","modified_gmt":"2022-05-26T17:28:44","slug":"our-people","status":"publish","type":"page","link":"https:\/\/leeswood.ca\/fr\/about-us\/our-people\/","title":{"rendered":"<p>\u00c9quipe de Direction<\/p>"},"content":{"rendered":"<div data-elementor-type=\"wp-page\" data-elementor-id=\"102\" class=\"elementor elementor-102\">\n\t\t\t\t\t\t<section class=\"elementor-section elementor-top-section elementor-element elementor-element-aaa0c37 elementor-section-boxed elementor-section-height-default elementor-section-height-default\" data-id=\"aaa0c37\" data-element_type=\"section\">\n\t\t\t\t\t\t<div class=\"elementor-container elementor-column-gap-default\">\n\t\t\t\t\t<div class=\"elementor-column elementor-col-100 elementor-top-column elementor-element elementor-element-13f0cab\" data-id=\"13f0cab\" data-element_type=\"column\">\n\t\t\t<div class=\"elementor-widget-wrap elementor-element-populated\">\n\t\t\t\t\t\t<div class=\"elementor-element elementor-element-5aa85cdf elementor-widget elementor-widget-text-editor\" data-id=\"5aa85cdf\" data-element_type=\"widget\" data-widget_type=\"text-editor.default\">\n\t\t\t\t<div class=\"elementor-widget-container\">\n\t\t\t\t\t\t\t<div class=\"leadership\">\n<h3><img decoding=\"async\" class=\"wp-image-2375 alignright\" src=\"\/wp-content\/uploads\/leadership-mike-800.jpg\" alt=\"Michael Clark\">Michael Clark,<br><small>Pr\u00e9sident Associ\u00e9<\/small><\/h3>\n<p><strong>Formation:<br><\/strong>Baccalaur\u00e9at en Gestion de Projets Technologiques Majeurs<br>Ryerson Polytechnic University, Toronto, ON<\/p>\n<p><strong> Exp\u00e9rience:<br><\/strong>Plus de 35 ans d'exp\u00e9rience dans la construction ICI (Industriel, Commerciale et Institutionnel), en mettant l'accent sur la conception, la construction et la construction de b\u00e2timents de base. Extr\u00eamement bien inform\u00e9 dans les installations comprennant la fabrication, l'entreposage et l'entreposage automatis\u00e9, la production alimentaire, l'automobile, la construction de bureaux et les am\u00e9liorations locatives.<\/p>\n<p><strong>Son curriculum vitae professionnel comprend:<br><\/strong>Urbacon Lt\u00e9e \u2013 <i>Vice-Pr\u00e9sident Principal<\/i><br>Belrock Construction \u2013 <i>Partenaire<\/i><br>Design Build Gottardo Properties \u2013 <i>Directeur de Projet du D\u00e9veloppement Commercial<\/i><br>Inducon Construction \u2013 <i>Chef de Projet<\/i><br>Giffels \u2013 <i>Administration des Contrats\/Construction<\/i><\/p>\n<hr>\n<h3><img decoding=\"async\" class=\"wp-image-2442 alignright\" src=\"\/wp-content\/uploads\/leadership-brad-800.jpg\" alt=\"Brad Woodbine\">Brad Woodbine,<br><small>Vice-Pr\u00e9sident Associ\u00e9, Ventes\/Estimation<\/small><\/h3>\n<p><strong>Formation:<br><\/strong>Baccalaur\u00e9at en Technologie Sciences de L'Architecture, Gestion de Projet<br>Ryerson Polytechnic University, Toronto, ON<\/p>\n<p><strong>Exp\u00e9rience:<br><\/strong>Plus de 25 ans d'exp\u00e9rience dans l'estimation des co\u00fbts et la vente<\/p>\n<p><strong>Son curriculum vitae professionnel comprend:<br><\/strong>Urbacon Lt\u00e9e \u2013 <i>Chief Estimator<\/i><br>Belrock Construction \u2013 <i>Estimateur<\/i><br>J.C Fishers &amp; Associates \u2013 <i>Ventes Techniques<\/i><br>Sur-Way Metal Projects \u2013 <i>Estimateur<\/i><\/p>\n<hr>\n<h3><img decoding=\"async\" class=\"wp-image-2376 alignright\" src=\"\/wp-content\/uploads\/leadership-pat-800.jpg\" alt=\"Patrick Spanjers\">Patrick Spanjers,<br><small>Vice-Pr\u00e9sident Associ\u00e9, Op\u00e9rations<\/small><\/h3>\n<p><strong>Formation:<br><\/strong>Technologue en G\u00e9nie de la Construction<br>Coll\u00e8ge Fanshawe, London, ON<\/p>\n<p><strong>Exp\u00e9rience:<br><\/strong>Plus de 25 ans d'exp\u00e9rience en gestion de projet et de construction, en estimation et en gestion de personnel<\/p>\n<p><strong>Son curriculum vitae professionnel comprend:<br><\/strong>Urbacon Lt\u00e9e \u2013 <i>Chef de Projet S\u00e9nior<\/i><br>Belrock Construction \u2013 <i>Surintendant de la Construction<\/i><br>BMF Concrete\/Manko Holdings \u2013 <i>Estimateur\/Gestionnaire de la Construction<\/i><\/p>\n<hr>\n<h3><img decoding=\"async\" class=\"wp-image-2435 alignright\" src=\"\/wp-content\/uploads\/leadership-richard-800.jpg\" alt=\"Richard Mulvale\">Richard Mulvale,<br><small>Partenaire S\u00e9nior, Vice-Pr\u00e9sident&nbsp;<\/small><\/h3>\n<p><strong>Formation:<\/strong><br>Baccalaur\u00e9at en Sciences de la Sant\u00e9 et Baccalaur\u00e9at \u00e8s Arts<br>Universit\u00e9 Western, London, ON<br>Gestion de Projet<br>Universit\u00e9 Grant MacEwan, Edmonton, AB<\/p>\n<p><strong>Exp\u00e9rience:<\/strong><br>Plus de 22 ans dans l'industrie ont raffin\u00e9 sa capacit\u00e9s \u00e0 comprendre les s\u00e9quences de construction, les co\u00fbts, et l'\u00e9ch\u00e9ancier de construction. Son exp\u00e9rience en construction \u00e0 travers le Canada lui a appris qu'il y a plus d'une fa\u00e7on de construire. Il est reconnu dans l'industrie comme un professionnel qui attire constamment des clients fid\u00e8les en raison de son approche pratique dans chaque projet. Sa relation \u00e9troite avec les corps de m\u00e9tier favorise un processus d'appel d'offres fiable et agressif.<br>Il comprend parfaitement les besoins du client et aide \u00e0 mener \u00e0 bien un projet du d\u00e9but \u00e0 la fin.<\/p>\n<p><strong>Son curriculum vitae professionnel comprend:<\/strong><br>Triovest \u2013&nbsp; <em>Vice-Pr\u00e9sident, D\u00e9veloppement et Construction<br><\/em>ING Real Estate &ndash; <em>Directeur, D\u00e9veloppement<\/em><\/p>\n<hr>\n<h3><img decoding=\"async\" class=\"wp-image-2236 alignright\" src=\"\/wp-content\/uploads\/leadership-domenic-800.jpg\" alt=\"Domenic Fabiano\">Domenic Fabiano,<br><small>Vice-Pr\u00e9sident Associ\u00e9 Principal (Qu\u00e9bec)<\/small><\/h3>\n<div>\n<p style=\"line-height: var(--wp--typography--line-height, var(--global--line-height-body)); font-size: 16px;\"><span style=\"font-weight: bold;\">Formation:<br><\/span>Dipl\u00f4me en Technologie du B\u00e2timent et des Travaux Publics, Majeure en Technologie du G\u00e9nie Civil<br>Coll\u00e8ge Dawson, Montr\u00e9al, QC<\/p>\n<p style=\"line-height: var(--wp--typography--line-height, var(--global--line-height-body)); font-size: 16px;\"><span style=\"font-weight: bold;\">Exp\u00e9rience:<br><\/span><\/p>\n<p class=\"MsoNormal\">Avec plus de 35 ans d'exp\u00e9rience, Domenic est un chef de file dans l'industrie ayant un portefeuille de construction ex\u00e9cut\u00e9 de plus de 20 millions de pieds carr\u00e9s de b\u00e2timents industriels, tours \u00e0 usage mixte et commercial. Il assure des r\u00e9sultats en d\u00e9veloppant des \u00e9quipes hautement efficaces, en favorisant un environnement collaboratif et en priorisant les besoins de ses clients. Il est reconnu pour sa proactivit\u00e9, ses comp\u00e9tences en gestion et son expertise \u00e0 conduire ses projets de l\u2019avant-projet \u00e0 la construction.<\/p>\n<p style=\"line-height: var(--wp--typography--line-height, var(--global--line-height-body)); font-size: 16px;\"><span style=\"font-weight: bold;\">Son curriculum vitae professionnel comprend:<br><\/span>Broccolini Real Estate Group \u2013&nbsp;<i>Vice-Pr\u00e9sident, D\u00e9veloppement des Affaires et Pr\u00e9-Construction<br><\/i>Broccolini Ontario \u2013&nbsp;<i>Directeur de la Construction, Vice-Pr\u00e9sident, Ottawa<br><\/i>Construction Fitzpatrick - <i>Chef de Projet<\/i><\/p>\n<p style=\"line-height: var(--wp--typography--line-height, var(--global--line-height-body)); font-size: 16px;\">M.R.C Construction\/Bercon Construction -&nbsp;<i>Chef de Projet<br><\/i>Maycon (Quebec) Inc. -&nbsp;<i>Chef de Projet<\/i><\/p>\n<\/div>\n<p><!-- \/wp:paragraph --><\/p>\n<\/div>\n<p><!-- end .leadership --><\/p>\t\t\t\t\t\t<\/div>\n\t\t\t\t<\/div>\n\t\t\t\t\t<\/div>\n\t\t<\/div>\n\t\t\t\t\t<\/div>\n\t\t<\/section>\n\t\t\t\t<\/div>","protected":false},"excerpt":{"rendered":"<p>Michael Clark,Partner-President Education:Bachelor of Technology Project Management MajorRyerson Polytechnic University, Toronto, ON Experience:Over 35 years? experience in ICI construction with emphasis on the Design Build and Base Building construction. Extremely knowledgeable in facilities that include manufacturing, warehousing and automated warehousing, food production, automotive, office construction and tenant improvements. His professional resume includes:Urbacon Ltd ? Senior&hellip; <a class=\"more-link\" href=\"https:\/\/leeswood.ca\/fr\/about-us\/our-people\/\">Continue reading <span class=\"screen-reader-text\">\u00c9quipe de Direction<\/span><\/a><\/p>","protected":false},"author":1,"featured_media":375,"parent":240,"menu_order":2,"comment_status":"closed","ping_status":"closed","template":"","meta":{"footnotes":""},"yoast_head":"<!-- This site is optimized with the Yoast SEO plugin v22.8 - https:\/\/yoast.com\/wordpress\/plugins\/seo\/ -->\n<title>Leadership Team - Leeswood Construction<\/title>\n<meta name=\"robots\" content=\"index, follow, max-snippet:-1, max-image-preview:large, max-video-preview:-1\" \/>\n<link rel=\"canonical\" href=\"https:\/\/leeswood.ca\/fr\/about-us\/our-people\/\" \/>\n<meta property=\"og:locale\" content=\"fr_CA\" \/>\n<meta property=\"og:type\" content=\"article\" \/>\n<meta property=\"og:title\" content=\"Leadership Team - Leeswood Construction\" \/>\n<meta property=\"og:description\" content=\"Michael Clark,Partner-President Education:Bachelor of Technology Project Management MajorRyerson Polytechnic University, Toronto, ON Experience:Over 35 years\u2019 experience in ICI construction with emphasis on the Design Build and Base Building construction. Extremely knowledgeable in facilities that include manufacturing, warehousing and automated warehousing, food production, automotive, office construction and tenant improvements. His professional resume includes:Urbacon Ltd \u2013 Senior&hellip; Continue reading Leadership Team\" \/>\n<meta property=\"og:url\" content=\"https:\/\/leeswood.ca\/fr\/about-us\/our-people\/\" \/>\n<meta property=\"og:site_name\" content=\"Leeswood Construction\" \/>\n<meta property=\"article:publisher\" content=\"https:\/\/www.facebook.com\/LeeswoodConstruction\/\" \/>\n<meta property=\"article:modified_time\" content=\"2022-05-26T17:28:44+00:00\" \/>\n<meta property=\"og:image\" content=\"https:\/\/leeswood.ca\/wp-content\/uploads\/team.jpg\" \/>\n\t<meta property=\"og:image:width\" content=\"670\" \/>\n\t<meta property=\"og:image:height\" content=\"670\" \/>\n\t<meta property=\"og:image:type\" content=\"image\/jpeg\" \/>\n<meta name=\"twitter:card\" content=\"summary_large_image\" \/>\n<meta name=\"twitter:label1\" content=\"Estimation du temps de lecture\" \/>\n\t<meta name=\"twitter:data1\" content=\"3 minutes\" \/>\n<script type=\"application\/ld+json\" class=\"yoast-schema-graph\">{\"@context\":\"https:\/\/schema.org\",\"@graph\":[{\"@type\":\"WebPage\",\"@id\":\"https:\/\/leeswood.ca\/about-us\/our-people\/\",\"url\":\"https:\/\/leeswood.ca\/about-us\/our-people\/\",\"name\":\"Leadership Team - Leeswood Construction\",\"isPartOf\":{\"@id\":\"https:\/\/leeswood.ca\/fr\/#website\"},\"primaryImageOfPage\":{\"@id\":\"https:\/\/leeswood.ca\/about-us\/our-people\/#primaryimage\"},\"image\":{\"@id\":\"https:\/\/leeswood.ca\/about-us\/our-people\/#primaryimage\"},\"thumbnailUrl\":\"https:\/\/leeswood.ca\/wp-content\/uploads\/team.jpg\",\"datePublished\":\"2021-05-22T22:50:41+00:00\",\"dateModified\":\"2022-05-26T17:28:44+00:00\",\"breadcrumb\":{\"@id\":\"https:\/\/leeswood.ca\/about-us\/our-people\/#breadcrumb\"},\"inLanguage\":\"fr-CA\",\"potentialAction\":[{\"@type\":\"ReadAction\",\"target\":[\"https:\/\/leeswood.ca\/about-us\/our-people\/\"]}]},{\"@type\":\"ImageObject\",\"inLanguage\":\"fr-CA\",\"@id\":\"https:\/\/leeswood.ca\/about-us\/our-people\/#primaryimage\",\"url\":\"https:\/\/leeswood.ca\/wp-content\/uploads\/team.jpg\",\"contentUrl\":\"https:\/\/leeswood.ca\/wp-content\/uploads\/team.jpg\",\"width\":670,\"height\":670},{\"@type\":\"BreadcrumbList\",\"@id\":\"https:\/\/leeswood.ca\/about-us\/our-people\/#breadcrumb\",\"itemListElement\":[{\"@type\":\"ListItem\",\"position\":1,\"name\":\"Home\",\"item\":\"https:\/\/leeswood.ca\/\"},{\"@type\":\"ListItem\",\"position\":2,\"name\":\"Corporate Overview\",\"item\":\"https:\/\/leeswood.ca\/about-us\/\"},{\"@type\":\"ListItem\",\"position\":3,\"name\":\"Leadership Team\"}]},{\"@type\":\"WebSite\",\"@id\":\"https:\/\/leeswood.ca\/fr\/#website\",\"url\":\"https:\/\/leeswood.ca\/fr\/\",\"name\":\"Leeswood Construction\",\"description\":\"Design \/ Build Specialists\",\"potentialAction\":[{\"@type\":\"SearchAction\",\"target\":{\"@type\":\"EntryPoint\",\"urlTemplate\":\"https:\/\/leeswood.ca\/fr\/?s={search_term_string}\"},\"query-input\":\"required name=search_term_string\"}],\"inLanguage\":\"fr-CA\"}]}<\/script>\n<!-- \/ Yoast SEO plugin. -->","yoast_head_json":{"title":"Leadership Team - Leeswood Construction","robots":{"index":"index","follow":"follow","max-snippet":"max-snippet:-1","max-image-preview":"max-image-preview:large","max-video-preview":"max-video-preview:-1"},"canonical":"https:\/\/leeswood.ca\/fr\/about-us\/our-people\/","og_locale":"fr_CA","og_type":"article","og_title":"Leadership Team - Leeswood Construction","og_description":"Michael Clark,Partner-President Education:Bachelor of Technology Project Management MajorRyerson Polytechnic University, Toronto, ON Experience:Over 35 years\u2019 experience in ICI construction with emphasis on the Design Build and Base Building construction. Extremely knowledgeable in facilities that include manufacturing, warehousing and automated warehousing, food production, automotive, office construction and tenant improvements. His professional resume includes:Urbacon Ltd \u2013 Senior&hellip; Continue reading Leadership Team","og_url":"https:\/\/leeswood.ca\/fr\/about-us\/our-people\/","og_site_name":"Leeswood Construction","article_publisher":"https:\/\/www.facebook.com\/LeeswoodConstruction\/","article_modified_time":"2022-05-26T17:28:44+00:00","og_image":[{"width":670,"height":670,"url":"https:\/\/leeswood.ca\/wp-content\/uploads\/team.jpg","type":"image\/jpeg"}],"twitter_card":"summary_large_image","twitter_misc":{"Estimation du temps de lecture":"3 minutes"},"schema":{"@context":"https:\/\/schema.org","@graph":[{"@type":"WebPage","@id":"https:\/\/leeswood.ca\/about-us\/our-people\/","url":"https:\/\/leeswood.ca\/about-us\/our-people\/","name":"Leadership Team - Leeswood Construction","isPartOf":{"@id":"https:\/\/leeswood.ca\/fr\/#website"},"primaryImageOfPage":{"@id":"https:\/\/leeswood.ca\/about-us\/our-people\/#primaryimage"},"image":{"@id":"https:\/\/leeswood.ca\/about-us\/our-people\/#primaryimage"},"thumbnailUrl":"https:\/\/leeswood.ca\/wp-content\/uploads\/team.jpg","datePublished":"2021-05-22T22:50:41+00:00","dateModified":"2022-05-26T17:28:44+00:00","breadcrumb":{"@id":"https:\/\/leeswood.ca\/about-us\/our-people\/#breadcrumb"},"inLanguage":"fr-CA","potentialAction":[{"@type":"ReadAction","target":["https:\/\/leeswood.ca\/about-us\/our-people\/"]}]},{"@type":"ImageObject","inLanguage":"fr-CA","@id":"https:\/\/leeswood.ca\/about-us\/our-people\/#primaryimage","url":"https:\/\/leeswood.ca\/wp-content\/uploads\/team.jpg","contentUrl":"https:\/\/leeswood.ca\/wp-content\/uploads\/team.jpg","width":670,"height":670},{"@type":"BreadcrumbList","@id":"https:\/\/leeswood.ca\/about-us\/our-people\/#breadcrumb","itemListElement":[{"@type":"ListItem","position":1,"name":"Home","item":"https:\/\/leeswood.ca\/"},{"@type":"ListItem","position":2,"name":"Corporate Overview","item":"https:\/\/leeswood.ca\/about-us\/"},{"@type":"ListItem","position":3,"name":"Leadership Team"}]},{"@type":"WebSite","@id":"https:\/\/leeswood.ca\/fr\/#website","url":"https:\/\/leeswood.ca\/fr\/","name":"Leeswood Construction","description":"Design \/ Build Specialists","potentialAction":[{"@type":"SearchAction","target":{"@type":"EntryPoint","urlTemplate":"https:\/\/leeswood.ca\/fr\/?s={search_term_string}"},"query-input":"required name=search_term_string"}],"inLanguage":"fr-CA"}]}},"_links":{"self":[{"href":"https:\/\/leeswood.ca\/fr\/wp-json\/wp\/v2\/pages\/102"}],"collection":[{"href":"https:\/\/leeswood.ca\/fr\/wp-json\/wp\/v2\/pages"}],"about":[{"href":"https:\/\/leeswood.ca\/fr\/wp-json\/wp\/v2\/types\/page"}],"author":[{"embeddable":true,"href":"https:\/\/leeswood.ca\/fr\/wp-json\/wp\/v2\/users\/1"}],"replies":[{"embeddable":true,"href":"https:\/\/leeswood.ca\/fr\/wp-json\/wp\/v2\/comments?post=102"}],"version-history":[{"count":180,"href":"https:\/\/leeswood.ca\/fr\/wp-json\/wp\/v2\/pages\/102\/revisions"}],"predecessor-version":[{"id":3773,"href":"https:\/\/leeswood.ca\/fr\/wp-json\/wp\/v2\/pages\/102\/revisions\/3773"}],"up":[{"embeddable":true,"href":"https:\/\/leeswood.ca\/fr\/wp-json\/wp\/v2\/pages\/240"}],"wp:featuredmedia":[{"embeddable":true,"href":"https:\/\/leeswood.ca\/fr\/wp-json\/wp\/v2\/media\/375"}],"wp:attachment":[{"href":"https:\/\/leeswood.ca\/fr\/wp-json\/wp\/v2\/media?parent=102"}],"curies":[{"name":"wp","href":"https:\/\/api.w.org\/{rel}","templated":true}]}}