
{"id":104,"date":"2021-05-22T18:54:16","date_gmt":"2021-05-22T22:54:16","guid":{"rendered":"http:\/\/leeswood.ca\/?page_id=104"},"modified":"2022-03-17T12:36:38","modified_gmt":"2022-03-17T16:36:38","slug":"capabilities","status":"publish","type":"page","link":"https:\/\/leeswood.ca\/fr\/capabilities\/","title":{"rendered":"<p>NOTRE EXPERISE<\/p>"},"content":{"rendered":"<div data-elementor-type=\"wp-page\" data-elementor-id=\"104\" class=\"elementor elementor-104\">\n\t\t\t\t\t\t<section class=\"elementor-section elementor-top-section elementor-element elementor-element-a02c76a elementor-section-boxed elementor-section-height-default elementor-section-height-default\" data-id=\"a02c76a\" data-element_type=\"section\">\n\t\t\t\t\t\t<div class=\"elementor-container elementor-column-gap-default\">\n\t\t\t\t\t<div class=\"elementor-column elementor-col-100 elementor-top-column elementor-element elementor-element-1611787\" data-id=\"1611787\" data-element_type=\"column\">\n\t\t\t<div class=\"elementor-widget-wrap elementor-element-populated\">\n\t\t\t\t\t\t<div class=\"elementor-element elementor-element-9cc0e45 elementor-widget elementor-widget-text-editor\" data-id=\"9cc0e45\" data-element_type=\"widget\" data-widget_type=\"text-editor.default\">\n\t\t\t\t<div class=\"elementor-widget-container\">\n\t\t\t\t\t\t\t<p><span style=\"font-family: var( --e-global-typography-secondary-font-family ), Sans-serif; font-size: var(--heading--font-size-h3); font-weight: var( --e-global-typography-secondary-font-weight );\">Services sur Mesure pour R\u00e9pondre aux Besoins de nos Clients<\/span><\/p>\n<p style=\"line-height: var(--wp--typography--line-height, var(--global--line-height-body));\">Leeswood travaille en \u00e9troite collaboration avec ses clients pour r\u00e9pondre \u00e0 leurs besoins commerciaux. Il est important pour nous de cr\u00e9er un espace int\u00e9rieur fonctionnel, tout en utilisant le site de mani\u00e8re appropri\u00e9e pour produire un b\u00e2timent esth\u00e9tiquement agr\u00e9able dans le contexte de son environnement et intemporel dans sa conception.<\/p>\n<p style=\"line-height: var(--wp--typography--line-height, var(--global--line-height-body));\">Notre exp\u00e9rience, notre vision et notre r\u00e9flexion prospective nous permettent d'anticiper les exigences structurelles et de conception bien avant la fin du projet. Cette pr\u00e9voyance nous aide \u00e0 rationaliser le processus et \u00e0 produire une situation gagnant-gagnant : efficacit\u00e9 et rentabilit\u00e9 qui profitent \u00e0 toutes les parties concern\u00e9es. Tout au long, nous maintenons une position d'int\u00e9grit\u00e9, la communication ouverte \u00e9tant la cl\u00e9 du succ\u00e8s \u00e0 tous les niveaux. Cette philosophie ax\u00e9e sur le client guide nos pratiques commerciales quotidiennes et nous aide \u00e0 \u00e9tablir des relations solides ainsi que de superbes structures.<\/p>\t\t\t\t\t\t<\/div>\n\t\t\t\t<\/div>\n\t\t\t\t\t<\/div>\n\t\t<\/div>\n\t\t\t\t\t<\/div>\n\t\t<\/section>\n\t\t\t\t<\/div>","protected":false},"excerpt":{"rendered":"<p>Tailoring Services to Fit Our Client?s Needs Leeswood works closely with clients to meet their business requirements. It is important to us that we create a functional internal space, while utilizing the site appropriately to produce a building that is aesthetically pleasing within the context of its surroundings and timeless in its design. Our experience,&hellip; <a class=\"more-link\" href=\"https:\/\/leeswood.ca\/fr\/capabilities\/\">Continue reading <span class=\"screen-reader-text\">NOTRE EXPERISE<\/span><\/a><\/p>","protected":false},"author":1,"featured_media":461,"parent":0,"menu_order":2,"comment_status":"closed","ping_status":"closed","template":"","meta":{"footnotes":""},"yoast_head":"<!-- This site is optimized with the Yoast SEO plugin v22.8 - https:\/\/yoast.com\/wordpress\/plugins\/seo\/ -->\n<title>Our Expertise - Leeswood Construction<\/title>\n<meta name=\"robots\" content=\"index, follow, max-snippet:-1, max-image-preview:large, max-video-preview:-1\" \/>\n<link rel=\"canonical\" href=\"https:\/\/leeswood.ca\/fr\/capabilities\/\" \/>\n<meta property=\"og:locale\" content=\"fr_CA\" \/>\n<meta property=\"og:type\" content=\"article\" \/>\n<meta property=\"og:title\" content=\"Our Expertise - Leeswood Construction\" \/>\n<meta property=\"og:description\" content=\"Tailoring Services to Fit Our Client\u2019s Needs Leeswood works closely with clients to meet their business requirements. It is important to us that we create a functional internal space, while utilizing the site appropriately to produce a building that is aesthetically pleasing within the context of its surroundings and timeless in its design. Our experience,&hellip; Continue reading Our Expertise\" \/>\n<meta property=\"og:url\" content=\"https:\/\/leeswood.ca\/fr\/capabilities\/\" \/>\n<meta property=\"og:site_name\" content=\"Leeswood Construction\" \/>\n<meta property=\"article:publisher\" content=\"https:\/\/www.facebook.com\/LeeswoodConstruction\/\" \/>\n<meta property=\"article:modified_time\" content=\"2022-03-17T16:36:38+00:00\" \/>\n<meta property=\"og:image\" content=\"https:\/\/leeswood.ca\/wp-content\/uploads\/default_header_greylogo.jpg\" \/>\n\t<meta property=\"og:image:width\" content=\"1200\" \/>\n\t<meta property=\"og:image:height\" content=\"450\" \/>\n\t<meta property=\"og:image:type\" content=\"image\/jpeg\" \/>\n<meta name=\"twitter:card\" content=\"summary_large_image\" \/>\n<meta name=\"twitter:label1\" content=\"Estimation du temps de lecture\" \/>\n\t<meta name=\"twitter:data1\" content=\"1 minute\" \/>\n<script type=\"application\/ld+json\" class=\"yoast-schema-graph\">{\"@context\":\"https:\/\/schema.org\",\"@graph\":[{\"@type\":\"WebPage\",\"@id\":\"https:\/\/leeswood.ca\/capabilities\/\",\"url\":\"https:\/\/leeswood.ca\/capabilities\/\",\"name\":\"Our Expertise - Leeswood Construction\",\"isPartOf\":{\"@id\":\"https:\/\/leeswood.ca\/fr\/#website\"},\"primaryImageOfPage\":{\"@id\":\"https:\/\/leeswood.ca\/capabilities\/#primaryimage\"},\"image\":{\"@id\":\"https:\/\/leeswood.ca\/capabilities\/#primaryimage\"},\"thumbnailUrl\":\"https:\/\/leeswood.ca\/wp-content\/uploads\/default_header_greylogo.jpg\",\"datePublished\":\"2021-05-22T22:54:16+00:00\",\"dateModified\":\"2022-03-17T16:36:38+00:00\",\"breadcrumb\":{\"@id\":\"https:\/\/leeswood.ca\/capabilities\/#breadcrumb\"},\"inLanguage\":\"fr-CA\",\"potentialAction\":[{\"@type\":\"ReadAction\",\"target\":[\"https:\/\/leeswood.ca\/capabilities\/\"]}]},{\"@type\":\"ImageObject\",\"inLanguage\":\"fr-CA\",\"@id\":\"https:\/\/leeswood.ca\/capabilities\/#primaryimage\",\"url\":\"https:\/\/leeswood.ca\/wp-content\/uploads\/default_header_greylogo.jpg\",\"contentUrl\":\"https:\/\/leeswood.ca\/wp-content\/uploads\/default_header_greylogo.jpg\",\"width\":1200,\"height\":450},{\"@type\":\"BreadcrumbList\",\"@id\":\"https:\/\/leeswood.ca\/capabilities\/#breadcrumb\",\"itemListElement\":[{\"@type\":\"ListItem\",\"position\":1,\"name\":\"Home\",\"item\":\"https:\/\/leeswood.ca\/\"},{\"@type\":\"ListItem\",\"position\":2,\"name\":\"Our Expertise\"}]},{\"@type\":\"WebSite\",\"@id\":\"https:\/\/leeswood.ca\/fr\/#website\",\"url\":\"https:\/\/leeswood.ca\/fr\/\",\"name\":\"Leeswood Construction\",\"description\":\"Design \/ Build Specialists\",\"potentialAction\":[{\"@type\":\"SearchAction\",\"target\":{\"@type\":\"EntryPoint\",\"urlTemplate\":\"https:\/\/leeswood.ca\/fr\/?s={search_term_string}\"},\"query-input\":\"required name=search_term_string\"}],\"inLanguage\":\"fr-CA\"}]}<\/script>\n<!-- \/ Yoast SEO plugin. -->","yoast_head_json":{"title":"Our Expertise - Leeswood Construction","robots":{"index":"index","follow":"follow","max-snippet":"max-snippet:-1","max-image-preview":"max-image-preview:large","max-video-preview":"max-video-preview:-1"},"canonical":"https:\/\/leeswood.ca\/fr\/capabilities\/","og_locale":"fr_CA","og_type":"article","og_title":"Our Expertise - Leeswood Construction","og_description":"Tailoring Services to Fit Our Client\u2019s Needs Leeswood works closely with clients to meet their business requirements. It is important to us that we create a functional internal space, while utilizing the site appropriately to produce a building that is aesthetically pleasing within the context of its surroundings and timeless in its design. Our experience,&hellip; Continue reading Our Expertise","og_url":"https:\/\/leeswood.ca\/fr\/capabilities\/","og_site_name":"Leeswood Construction","article_publisher":"https:\/\/www.facebook.com\/LeeswoodConstruction\/","article_modified_time":"2022-03-17T16:36:38+00:00","og_image":[{"width":1200,"height":450,"url":"https:\/\/leeswood.ca\/wp-content\/uploads\/default_header_greylogo.jpg","type":"image\/jpeg"}],"twitter_card":"summary_large_image","twitter_misc":{"Estimation du temps de lecture":"1 minute"},"schema":{"@context":"https:\/\/schema.org","@graph":[{"@type":"WebPage","@id":"https:\/\/leeswood.ca\/capabilities\/","url":"https:\/\/leeswood.ca\/capabilities\/","name":"Our Expertise - Leeswood Construction","isPartOf":{"@id":"https:\/\/leeswood.ca\/fr\/#website"},"primaryImageOfPage":{"@id":"https:\/\/leeswood.ca\/capabilities\/#primaryimage"},"image":{"@id":"https:\/\/leeswood.ca\/capabilities\/#primaryimage"},"thumbnailUrl":"https:\/\/leeswood.ca\/wp-content\/uploads\/default_header_greylogo.jpg","datePublished":"2021-05-22T22:54:16+00:00","dateModified":"2022-03-17T16:36:38+00:00","breadcrumb":{"@id":"https:\/\/leeswood.ca\/capabilities\/#breadcrumb"},"inLanguage":"fr-CA","potentialAction":[{"@type":"ReadAction","target":["https:\/\/leeswood.ca\/capabilities\/"]}]},{"@type":"ImageObject","inLanguage":"fr-CA","@id":"https:\/\/leeswood.ca\/capabilities\/#primaryimage","url":"https:\/\/leeswood.ca\/wp-content\/uploads\/default_header_greylogo.jpg","contentUrl":"https:\/\/leeswood.ca\/wp-content\/uploads\/default_header_greylogo.jpg","width":1200,"height":450},{"@type":"BreadcrumbList","@id":"https:\/\/leeswood.ca\/capabilities\/#breadcrumb","itemListElement":[{"@type":"ListItem","position":1,"name":"Home","item":"https:\/\/leeswood.ca\/"},{"@type":"ListItem","position":2,"name":"Our Expertise"}]},{"@type":"WebSite","@id":"https:\/\/leeswood.ca\/fr\/#website","url":"https:\/\/leeswood.ca\/fr\/","name":"Leeswood Construction","description":"Design \/ Build Specialists","potentialAction":[{"@type":"SearchAction","target":{"@type":"EntryPoint","urlTemplate":"https:\/\/leeswood.ca\/fr\/?s={search_term_string}"},"query-input":"required name=search_term_string"}],"inLanguage":"fr-CA"}]}},"_links":{"self":[{"href":"https:\/\/leeswood.ca\/fr\/wp-json\/wp\/v2\/pages\/104"}],"collection":[{"href":"https:\/\/leeswood.ca\/fr\/wp-json\/wp\/v2\/pages"}],"about":[{"href":"https:\/\/leeswood.ca\/fr\/wp-json\/wp\/v2\/types\/page"}],"author":[{"embeddable":true,"href":"https:\/\/leeswood.ca\/fr\/wp-json\/wp\/v2\/users\/1"}],"replies":[{"embeddable":true,"href":"https:\/\/leeswood.ca\/fr\/wp-json\/wp\/v2\/comments?post=104"}],"version-history":[{"count":21,"href":"https:\/\/leeswood.ca\/fr\/wp-json\/wp\/v2\/pages\/104\/revisions"}],"predecessor-version":[{"id":2775,"href":"https:\/\/leeswood.ca\/fr\/wp-json\/wp\/v2\/pages\/104\/revisions\/2775"}],"wp:featuredmedia":[{"embeddable":true,"href":"https:\/\/leeswood.ca\/fr\/wp-json\/wp\/v2\/media\/461"}],"wp:attachment":[{"href":"https:\/\/leeswood.ca\/fr\/wp-json\/wp\/v2\/media?parent=104"}],"curies":[{"name":"wp","href":"https:\/\/api.w.org\/{rel}","templated":true}]}}