
{"id":106,"date":"2021-05-22T18:55:43","date_gmt":"2021-05-22T22:55:43","guid":{"rendered":"http:\/\/leeswood.ca\/?page_id=106"},"modified":"2022-03-17T12:44:33","modified_gmt":"2022-03-17T16:44:33","slug":"design-build","status":"publish","type":"page","link":"https:\/\/leeswood.ca\/fr\/capabilities\/design-build\/","title":{"rendered":"<p>Livraison de Projet Int\u00e9gr\u00e9e (Conception-Construction)<\/p>"},"content":{"rendered":"<div data-elementor-type=\"wp-page\" data-elementor-id=\"106\" class=\"elementor elementor-106\">\n\t\t\t\t\t\t<section class=\"elementor-section elementor-top-section elementor-element elementor-element-78429cbb elementor-section-boxed elementor-section-height-default elementor-section-height-default\" data-id=\"78429cbb\" data-element_type=\"section\">\n\t\t\t\t\t\t<div class=\"elementor-container elementor-column-gap-default\">\n\t\t\t\t\t<div class=\"elementor-column elementor-col-100 elementor-top-column elementor-element elementor-element-2fea535c\" data-id=\"2fea535c\" data-element_type=\"column\">\n\t\t\t<div class=\"elementor-widget-wrap elementor-element-populated\">\n\t\t\t\t\t\t<div class=\"elementor-element elementor-element-2e27c64 elementor-widget elementor-widget-text-editor\" data-id=\"2e27c64\" data-element_type=\"widget\" data-widget_type=\"text-editor.default\">\n\t\t\t\t<div class=\"elementor-widget-container\">\n\t\t\t\t\t\t\t<p><span style=\"font-family: var( --e-global-typography-secondary-font-family ), Sans-serif; font-size: var(--heading--font-size-h3); font-weight: var( --e-global-typography-secondary-font-weight );\">Qu'est-ce que la Conception-Construction?<\/span><\/p>\n<p style=\"line-height: var(--wp--typography--line-height, var(--global--line-height-body));\"><span style=\"font-weight: bold;\">La Conception-Construction<\/span>&nbsp;est un syst\u00e8me de livraison de projet o\u00f9 les services de conception et de construction sont contract\u00e9s par une seule entit\u00e9.<\/p>\n<p style=\"line-height: var(--wp--typography--line-height, var(--global--line-height-body));\">Avantages de la Conception-Construction:<\/p>\n<ul style=\"padding-left: calc(2 * var(--global--spacing-horizontal)); font-family: var(--list--font-family);\">\n<li>Responsabilit\u00e9 d'une source unique<\/li>\n<li>Risques minimis\u00e9s pour le ma\u00eetre d'ouvrage<\/li>\n<li>Recours contractuels plus clairs pour les clients<\/li>\n<li>Contr\u00f4le des co\u00fbts plus efficace et efficient<\/li>\n<li>Ing\u00e9nierie de la valeur<\/li>\n<li>Calendrier de livraison r\u00e9duit en chevauchant la phase de conception et la phase de construction d'un projet<\/li>\n<\/ul>\n<h3 style=\"font-family: var( --e-global-typography-secondary-font-family ), Sans-serif; font-weight: var( --e-global-typography-secondary-font-weight ); font-size: var(--heading--font-size-h3); letter-spacing: normal; line-height: var(--heading--line-height-h3);\">Qu'est-ce que la Livraison de Projet Int\u00e9gr\u00e9e?<\/h3>\n<p style=\"line-height: var(--wp--typography--line-height, var(--global--line-height-body));\"><span style=\"font-weight: bold;\">La Livraison de Projet Int\u00e9gr\u00e9e<\/span>&nbsp;(<span style=\"font-weight: bold;\">LPI<\/span>) Il s'agit d'une alliance collaborative de personnes, de syst\u00e8mes, de structures commerciales et de pratiques dans un processus qui exploite les talents et les id\u00e9es de tous les participants pour optimiser les r\u00e9sultats du projet, augmenter la valeur pour le propri\u00e9taire, et maximiser l'efficacit\u00e9 \u00e0 toutes les phases de la conception, du d\u00e9veloppement et de la construction.<\/p>\n<p style=\"line-height: var(--wp--typography--line-height, var(--global--line-height-body));\">Les principales phases s\u00e9quentielles du mode de livraison de projet int\u00e9gr\u00e9e:<\/p>\n<ul style=\"padding-left: calc(2 * var(--global--spacing-horizontal)); font-family: var(--list--font-family);\">\n<li>phase de conceptualisation [programmation \u00e9largie]<\/li>\n<li>phase de conception des crit\u00e8res [conception sch\u00e9matique \u00e9tendue]<\/li>\n<li>phase de conception d\u00e9taill\u00e9e [\u00e9laboration de la conception \u00e9tendue]<\/li>\n<li>phase des documents de mise en \u0153uvre [documents de construction]<\/li>\n<li>phase d'examen de l'agence<\/li>\n<li>phase de construction<\/li>\n<li>phase de cl\u00f4ture<\/li>\n<\/ul>\n<div><span style=\"font-family: -apple-system, BlinkMacSystemFont, 'Segoe UI', Roboto, Oxygen-Sans, Ubuntu, Cantarell, 'Helvetica Neue', sans-serif;\">&nbsp;<\/span><\/div>\n<div>\n<h3 style=\"font-family: var( --e-global-typography-secondary-font-family ), Sans-serif; font-weight: var( --e-global-typography-secondary-font-weight ); font-size: var(--heading--font-size-h3); letter-spacing: normal; line-height: var(--heading--line-height-h3); margin-top: 55px !important;\">Value Engineering<\/h3>\n<p style=\"line-height: var(--wp--typography--line-height, var(--global--line-height-body));\">Chez Leeswood, nous sommes fiers d'offrir des solutions compl\u00e8tes cl\u00e9 en main. Il est de notre devoir de vous guider \u00e0 travers ce qui peut sembler \u00eatre un processus difficile. Nous pensons qu'il est de notre responsabilit\u00e9 de vous accompagner tout au long de ce processus, de la conception \u00e0 la r\u00e9alisation. Les partenaires Leeswood sont tr\u00e8s actifs et s'assurent qu'ils sont personnellement impliqu\u00e9s dans chaque projet. Ils soutiennent notre devise de \u00ab 100 % satisfaction client \u00bb.<\/p>\n<p style=\"line-height: var(--wp--typography--line-height, var(--global--line-height-body));\">Nous sommes confiants dans notre capacit\u00e9 \u00e0 vous conseiller sur :<\/p>\n<ul style=\"padding-left: calc(2 * var(--global--spacing-horizontal)); font-family: var(--list--font-family);\">\n<li>Mesures d'\u00e9conomies sans compromettre la qualit\u00e9<\/li>\n<li>Nouveaux produits et technologies<\/li>\n<li>Dates d'ach\u00e8vement r\u00e9alistes<\/li>\n<li>Exigences de processus<\/li>\n<li>Codes et r\u00e8glements du b\u00e2timent<\/li>\n<\/ul>\n<\/div>\t\t\t\t\t\t<\/div>\n\t\t\t\t<\/div>\n\t\t\t\t\t<\/div>\n\t\t<\/div>\n\t\t\t\t\t<\/div>\n\t\t<\/section>\n\t\t\t\t<\/div>","protected":false},"excerpt":{"rendered":"<p>What is Design Build? Design Build&nbsp;is a project delivery system where the design and construction services are contracted by a single entity. Advantages to Design Build: Single source responsibility Minimizes risks for the project owner Clearest contractual remedies for the clients More efficient and effective cost control Value engineering Reduces the delivery schedule by overlapping&hellip; <a class=\"more-link\" href=\"https:\/\/leeswood.ca\/fr\/capabilities\/design-build\/\">Continue reading <span class=\"screen-reader-text\">Livraison de Projet Int\u00e9gr\u00e9e (Conception-Construction)<\/span><\/a><\/p>","protected":false},"author":1,"featured_media":461,"parent":104,"menu_order":2,"comment_status":"closed","ping_status":"closed","template":"","meta":{"footnotes":""},"yoast_head":"<!-- This site is optimized with the Yoast SEO plugin v22.8 - https:\/\/yoast.com\/wordpress\/plugins\/seo\/ -->\n<title>Integrated Project Delivery (Design Build) - Leeswood Construction<\/title>\n<meta name=\"robots\" content=\"index, follow, max-snippet:-1, max-image-preview:large, max-video-preview:-1\" \/>\n<link rel=\"canonical\" href=\"https:\/\/leeswood.ca\/fr\/capabilities\/design-build\/\" \/>\n<meta property=\"og:locale\" content=\"fr_CA\" \/>\n<meta property=\"og:type\" content=\"article\" \/>\n<meta property=\"og:title\" content=\"Integrated Project Delivery (Design Build) - Leeswood Construction\" \/>\n<meta property=\"og:description\" content=\"What is Design Build? Design Build\u00a0is a project delivery system where the design and construction services are contracted by a single entity. Advantages to Design Build: Single source responsibility Minimizes risks for the project owner Clearest contractual remedies for the clients More efficient and effective cost control Value engineering Reduces the delivery schedule by overlapping&hellip; Continue reading Integrated Project Delivery (Design Build)\" \/>\n<meta property=\"og:url\" content=\"https:\/\/leeswood.ca\/fr\/capabilities\/design-build\/\" \/>\n<meta property=\"og:site_name\" content=\"Leeswood Construction\" \/>\n<meta property=\"article:publisher\" content=\"https:\/\/www.facebook.com\/LeeswoodConstruction\/\" \/>\n<meta property=\"article:modified_time\" content=\"2022-03-17T16:44:33+00:00\" \/>\n<meta property=\"og:image\" content=\"https:\/\/leeswood.ca\/wp-content\/uploads\/default_header_greylogo.jpg\" \/>\n\t<meta property=\"og:image:width\" content=\"1200\" \/>\n\t<meta property=\"og:image:height\" content=\"450\" \/>\n\t<meta property=\"og:image:type\" content=\"image\/jpeg\" \/>\n<meta name=\"twitter:card\" content=\"summary_large_image\" \/>\n<meta name=\"twitter:label1\" content=\"Estimation du temps de lecture\" \/>\n\t<meta name=\"twitter:data1\" content=\"2 minutes\" \/>\n<script type=\"application\/ld+json\" class=\"yoast-schema-graph\">{\"@context\":\"https:\/\/schema.org\",\"@graph\":[{\"@type\":\"WebPage\",\"@id\":\"https:\/\/leeswood.ca\/capabilities\/design-build\/\",\"url\":\"https:\/\/leeswood.ca\/capabilities\/design-build\/\",\"name\":\"Integrated Project Delivery (Design Build) - Leeswood Construction\",\"isPartOf\":{\"@id\":\"https:\/\/leeswood.ca\/fr\/#website\"},\"primaryImageOfPage\":{\"@id\":\"https:\/\/leeswood.ca\/capabilities\/design-build\/#primaryimage\"},\"image\":{\"@id\":\"https:\/\/leeswood.ca\/capabilities\/design-build\/#primaryimage\"},\"thumbnailUrl\":\"https:\/\/leeswood.ca\/wp-content\/uploads\/default_header_greylogo.jpg\",\"datePublished\":\"2021-05-22T22:55:43+00:00\",\"dateModified\":\"2022-03-17T16:44:33+00:00\",\"breadcrumb\":{\"@id\":\"https:\/\/leeswood.ca\/capabilities\/design-build\/#breadcrumb\"},\"inLanguage\":\"fr-CA\",\"potentialAction\":[{\"@type\":\"ReadAction\",\"target\":[\"https:\/\/leeswood.ca\/capabilities\/design-build\/\"]}]},{\"@type\":\"ImageObject\",\"inLanguage\":\"fr-CA\",\"@id\":\"https:\/\/leeswood.ca\/capabilities\/design-build\/#primaryimage\",\"url\":\"https:\/\/leeswood.ca\/wp-content\/uploads\/default_header_greylogo.jpg\",\"contentUrl\":\"https:\/\/leeswood.ca\/wp-content\/uploads\/default_header_greylogo.jpg\",\"width\":1200,\"height\":450},{\"@type\":\"BreadcrumbList\",\"@id\":\"https:\/\/leeswood.ca\/capabilities\/design-build\/#breadcrumb\",\"itemListElement\":[{\"@type\":\"ListItem\",\"position\":1,\"name\":\"Home\",\"item\":\"https:\/\/leeswood.ca\/\"},{\"@type\":\"ListItem\",\"position\":2,\"name\":\"Our Expertise\",\"item\":\"https:\/\/leeswood.ca\/capabilities\/\"},{\"@type\":\"ListItem\",\"position\":3,\"name\":\"Integrated Project Delivery (Design Build)\"}]},{\"@type\":\"WebSite\",\"@id\":\"https:\/\/leeswood.ca\/fr\/#website\",\"url\":\"https:\/\/leeswood.ca\/fr\/\",\"name\":\"Leeswood Construction\",\"description\":\"Design \/ Build Specialists\",\"potentialAction\":[{\"@type\":\"SearchAction\",\"target\":{\"@type\":\"EntryPoint\",\"urlTemplate\":\"https:\/\/leeswood.ca\/fr\/?s={search_term_string}\"},\"query-input\":\"required name=search_term_string\"}],\"inLanguage\":\"fr-CA\"}]}<\/script>\n<!-- \/ Yoast SEO plugin. -->","yoast_head_json":{"title":"Integrated Project Delivery (Design Build) - Leeswood Construction","robots":{"index":"index","follow":"follow","max-snippet":"max-snippet:-1","max-image-preview":"max-image-preview:large","max-video-preview":"max-video-preview:-1"},"canonical":"https:\/\/leeswood.ca\/fr\/capabilities\/design-build\/","og_locale":"fr_CA","og_type":"article","og_title":"Integrated Project Delivery (Design Build) - Leeswood Construction","og_description":"What is Design Build? Design Build\u00a0is a project delivery system where the design and construction services are contracted by a single entity. Advantages to Design Build: Single source responsibility Minimizes risks for the project owner Clearest contractual remedies for the clients More efficient and effective cost control Value engineering Reduces the delivery schedule by overlapping&hellip; Continue reading Integrated Project Delivery (Design Build)","og_url":"https:\/\/leeswood.ca\/fr\/capabilities\/design-build\/","og_site_name":"Leeswood Construction","article_publisher":"https:\/\/www.facebook.com\/LeeswoodConstruction\/","article_modified_time":"2022-03-17T16:44:33+00:00","og_image":[{"width":1200,"height":450,"url":"https:\/\/leeswood.ca\/wp-content\/uploads\/default_header_greylogo.jpg","type":"image\/jpeg"}],"twitter_card":"summary_large_image","twitter_misc":{"Estimation du temps de lecture":"2 minutes"},"schema":{"@context":"https:\/\/schema.org","@graph":[{"@type":"WebPage","@id":"https:\/\/leeswood.ca\/capabilities\/design-build\/","url":"https:\/\/leeswood.ca\/capabilities\/design-build\/","name":"Integrated Project Delivery (Design Build) - Leeswood Construction","isPartOf":{"@id":"https:\/\/leeswood.ca\/fr\/#website"},"primaryImageOfPage":{"@id":"https:\/\/leeswood.ca\/capabilities\/design-build\/#primaryimage"},"image":{"@id":"https:\/\/leeswood.ca\/capabilities\/design-build\/#primaryimage"},"thumbnailUrl":"https:\/\/leeswood.ca\/wp-content\/uploads\/default_header_greylogo.jpg","datePublished":"2021-05-22T22:55:43+00:00","dateModified":"2022-03-17T16:44:33+00:00","breadcrumb":{"@id":"https:\/\/leeswood.ca\/capabilities\/design-build\/#breadcrumb"},"inLanguage":"fr-CA","potentialAction":[{"@type":"ReadAction","target":["https:\/\/leeswood.ca\/capabilities\/design-build\/"]}]},{"@type":"ImageObject","inLanguage":"fr-CA","@id":"https:\/\/leeswood.ca\/capabilities\/design-build\/#primaryimage","url":"https:\/\/leeswood.ca\/wp-content\/uploads\/default_header_greylogo.jpg","contentUrl":"https:\/\/leeswood.ca\/wp-content\/uploads\/default_header_greylogo.jpg","width":1200,"height":450},{"@type":"BreadcrumbList","@id":"https:\/\/leeswood.ca\/capabilities\/design-build\/#breadcrumb","itemListElement":[{"@type":"ListItem","position":1,"name":"Home","item":"https:\/\/leeswood.ca\/"},{"@type":"ListItem","position":2,"name":"Our Expertise","item":"https:\/\/leeswood.ca\/capabilities\/"},{"@type":"ListItem","position":3,"name":"Integrated Project Delivery (Design Build)"}]},{"@type":"WebSite","@id":"https:\/\/leeswood.ca\/fr\/#website","url":"https:\/\/leeswood.ca\/fr\/","name":"Leeswood Construction","description":"Design \/ Build Specialists","potentialAction":[{"@type":"SearchAction","target":{"@type":"EntryPoint","urlTemplate":"https:\/\/leeswood.ca\/fr\/?s={search_term_string}"},"query-input":"required name=search_term_string"}],"inLanguage":"fr-CA"}]}},"_links":{"self":[{"href":"https:\/\/leeswood.ca\/fr\/wp-json\/wp\/v2\/pages\/106"}],"collection":[{"href":"https:\/\/leeswood.ca\/fr\/wp-json\/wp\/v2\/pages"}],"about":[{"href":"https:\/\/leeswood.ca\/fr\/wp-json\/wp\/v2\/types\/page"}],"author":[{"embeddable":true,"href":"https:\/\/leeswood.ca\/fr\/wp-json\/wp\/v2\/users\/1"}],"replies":[{"embeddable":true,"href":"https:\/\/leeswood.ca\/fr\/wp-json\/wp\/v2\/comments?post=106"}],"version-history":[{"count":36,"href":"https:\/\/leeswood.ca\/fr\/wp-json\/wp\/v2\/pages\/106\/revisions"}],"predecessor-version":[{"id":2782,"href":"https:\/\/leeswood.ca\/fr\/wp-json\/wp\/v2\/pages\/106\/revisions\/2782"}],"up":[{"embeddable":true,"href":"https:\/\/leeswood.ca\/fr\/wp-json\/wp\/v2\/pages\/104"}],"wp:featuredmedia":[{"embeddable":true,"href":"https:\/\/leeswood.ca\/fr\/wp-json\/wp\/v2\/media\/461"}],"wp:attachment":[{"href":"https:\/\/leeswood.ca\/fr\/wp-json\/wp\/v2\/media?parent=106"}],"curies":[{"name":"wp","href":"https:\/\/api.w.org\/{rel}","templated":true}]}}