
{"id":108,"date":"2021-05-22T18:56:53","date_gmt":"2021-05-22T22:56:53","guid":{"rendered":"http:\/\/leeswood.ca\/?page_id=108"},"modified":"2022-04-25T13:46:15","modified_gmt":"2022-04-25T17:46:15","slug":"construction-management","status":"publish","type":"page","link":"https:\/\/leeswood.ca\/fr\/capabilities\/construction-management\/","title":{"rendered":"<p>Gestion de la Construction<\/p>"},"content":{"rendered":"<div data-elementor-type=\"wp-page\" data-elementor-id=\"108\" class=\"elementor elementor-108\">\n\t\t\t\t\t\t<section class=\"elementor-section elementor-top-section elementor-element elementor-element-3b07af80 elementor-section-boxed elementor-section-height-default elementor-section-height-default\" data-id=\"3b07af80\" data-element_type=\"section\">\n\t\t\t\t\t\t<div class=\"elementor-container elementor-column-gap-default\">\n\t\t\t\t\t<div class=\"elementor-column elementor-col-100 elementor-top-column elementor-element elementor-element-21d7ea90\" data-id=\"21d7ea90\" data-element_type=\"column\">\n\t\t\t<div class=\"elementor-widget-wrap elementor-element-populated\">\n\t\t\t\t\t\t<div class=\"elementor-element elementor-element-043ce1f elementor-widget elementor-widget-text-editor\" data-id=\"043ce1f\" data-element_type=\"widget\" data-widget_type=\"text-editor.default\">\n\t\t\t\t<div class=\"elementor-widget-container\">\n\t\t\t\t\t\t\t<p><span style=\"font-family: var( --e-global-typography-secondary-font-family ), Sans-serif; font-size: var(--heading--font-size-h3); font-weight: var( --e-global-typography-secondary-font-weight );\">Qu'est-ce que la Gestion de la Construction?<\/span><\/p>\n<p style=\"line-height: var(--wp--typography--line-height, var(--global--line-height-body));\"><span style=\"font-weight: bold;\">Gestion de la Construction<\/span>&nbsp;(<span style=\"font-weight: bold;\">GC<\/span>) est un service professionnel qui utilise des techniques sp\u00e9cialis\u00e9es de gestion de projet pour superviser la planification, la conception et la construction d'un projet, du d\u00e9but \u00e0 la fin. Le but de la GC est de contr\u00f4ler le temps\/livraison, le co\u00fbt et la qualit\u00e9 d'un projet. La m\u00e9thode GC est compatible avec tous les syst\u00e8mes de livraison de projet, y compris la conception-soumission-construction, la conception-construction, GC \u00e0 risque (CM At-Risk) et les partenariats publics-priv\u00e9s. Les gestionnaires de construction professionnels peuvent \u00eatre affect\u00e9s \u00e0 des projets de longue dur\u00e9e, \u00e0 grande \u00e9chelle et \u00e0 budget \u00e9lev\u00e9 (immobilier commercial, infrastructures de transport, installations industrielles et infrastructures militaires), appel\u00e9s projets d'immobilisations.<\/p>\n<p style=\"line-height: var(--wp--typography--line-height, var(--global--line-height-body));\">Il existe de nombreuses options de livraison et de paiement avec les projets, et parfois une approche hybride peut \u00eatre pr\u00e9f\u00e9rable et le plus efficace.<\/p>\n<p style=\"line-height: var(--wp--typography--line-height, var(--global--line-height-body));\">Nous travaillons avec nos clients tout au long de l'\u00e9volution de leurs projets, en respectant les d\u00e9lais et le budget.&nbsp;<\/p>\n<p style=\"line-height: var(--wp--typography--line-height, var(--global--line-height-body));\">Leeswood fournit un personnel exp\u00e9riment\u00e9 et les touts derniers syst\u00e8mes de gestion et de planification de projet pour g\u00e9rer les v\u00f4tres. Notre personnel a r\u00e9alis\u00e9 de nombreux projets pour plusieurs clients satisfaits et nous nous engageons \u00e0 ce que le client soit totalement heureux de son nouveau b\u00e2timent et de son exp\u00e9rience avec nous.<\/p>\n<p style=\"line-height: var(--wp--typography--line-height, var(--global--line-height-body));\">Leeswood veille \u00e0 ce que ses syst\u00e8mes soient les meilleurs de leur cat\u00e9gorie dans l'industrie de la construction. Ils doivent \u00e9galement \u00eatre conviviaux pour garantir que toutes les m\u00e9thodes de d\u00e9claration sont clairement comprises et pr\u00e9sentables. Nous sommes fiers de notre engagement \u00e0 am\u00e9liorer continuellement notre personnel par des programmes de formation, des s\u00e9minaires, des conf\u00e9rences et des salons professionnels.<\/p>\n<h3 style=\"font-family: var( --e-global-typography-secondary-font-family ), Sans-serif; font-weight: var( --e-global-typography-secondary-font-weight ); font-size: var(--heading--font-size-h3); letter-spacing: normal; line-height: var(--heading--line-height-h3);\">Services de Pr\u00e9-Construction<\/h3>\n<p style=\"line-height: var(--wp--typography--line-height, var(--global--line-height-body));\">Leeswood travaille directement avec tous les membres de l'\u00e9quipe de gestion de la construction du client pendant la phase de pr\u00e9-construction du projet afin de garantir les r\u00e9sultats les plus optimaux.<\/p>\n<h3 style=\"font-family: var( --e-global-typography-secondary-font-family ), Sans-serif; font-weight: var( --e-global-typography-secondary-font-weight ); font-size: var(--heading--font-size-h3); letter-spacing: normal; line-height: var(--heading--line-height-h3);\">Le D\u00e9veloppement de Projets<\/h3>\n<p style=\"line-height: var(--wp--typography--line-height, var(--global--line-height-body));\">Nous sommes activement impliqu\u00e9s avec les architectes, les ing\u00e9nieurs, le personnel de construction et les fournisseurs de mat\u00e9riaux pendant la phase de consultation du projet pour aider au d\u00e9veloppement d'id\u00e9es de conception, des m\u00e9thodes de construction et des mat\u00e9riaux les plus appropri\u00e9s.<\/p>\n<p style=\"line-height: var(--wp--typography--line-height, var(--global--line-height-body));\">Notre implication aide toutes les parties \u00e0 faire le choix de conceptions \u00e9conomiques et de m\u00e9thodes de construction, \u00e0 planifier la gestion des contraintes de temps pendant cette phase et lors du projet de construction.<\/p>\n<h3 style=\"font-family: var( --e-global-typography-secondary-font-family ), Sans-serif; font-weight: var( --e-global-typography-secondary-font-weight ); font-size: var(--heading--font-size-h3); letter-spacing: normal; line-height: var(--heading--line-height-h3);\">Planification du Projet<\/h3>\n<p style=\"line-height: var(--wp--typography--line-height, var(--global--line-height-body));\">Avec la contribution de l'\u00e9quipe de gestion de la construction, Leeswood pr\u00e9pare un calendrier principal du projet qui donnera un aper\u00e7u de l'ensemble du projet et guidera les sous-calendriers ult\u00e9rieurs plus d\u00e9taill\u00e9s pour les diff\u00e9rentes \u00e9tapes \u00e0 venir.<\/p>\n<p style=\"line-height: var(--wp--typography--line-height, var(--global--line-height-body));\">Une planification appropri\u00e9e garantit \u00e9galement que l'\u00e9quipe de gestion de la construction est au courant des longs d\u00e9lais et des processus de livraison et les traite le plus t\u00f4t possible pour \u00e9viter toute complication dans le d\u00e9roulement de la construction.<\/p>\n<p style=\"line-height: var(--wp--typography--line-height, var(--global--line-height-body));\">Si le d\u00e9veloppement comporte plusieurs activit\u00e9s en cours en m\u00eame temps, l'\u00e9quipe de projet s\u2019appuiera sur un calendrier de projet d\u00e9di\u00e9. Le calendrier du projet pourra prendre les calendriers de niveau sommaire et fournir des r\u00e9partitions de travail et des calendriers d\u00e9taill\u00e9s pour les zones importantes et les locations potentielles. L'identification des longs d\u00e9lais de livraison et des interf\u00e9rences permettra \u00e0 l'\u00e9quipe du projet de d\u00e9terminer les secteurs de pr\u00e9occupation et de d\u00e9velopper des solutions strat\u00e9giques pour \u00e9viter les conflits ou les retards.<\/p>\n<h3 style=\"font-family: var( --e-global-typography-secondary-font-family ), Sans-serif; font-weight: var( --e-global-typography-secondary-font-weight ); font-size: var(--heading--font-size-h3); letter-spacing: normal; line-height: var(--heading--line-height-h3);\">Budget du Projet<\/h3>\n<p style=\"line-height: var(--wp--typography--line-height, var(--global--line-height-body));\">Notre exp\u00e9rience dans la production de budgets pr\u00e9cis pour les projets provient de notre capacit\u00e9 \u00e0 \"pr\u00e9-construire\" le projet \u00e0 partir de sp\u00e9cifications et de dessins conceptuels, ce qui nous permet de nous assurer que les clients ne sont pas soumis \u00e0 des changements de prix continus (\u00e0 moins qu'ils ne le demandent). Au cours de la phase de pr\u00e9-construction, nous pr\u00e9parons un budget de projet d\u00e9taill\u00e9 avec la participation de l'\u00e9quipe de construction, des fournisseurs de mat\u00e9riaux d'approvisionnement et des sous-traitants qui nous aident \u00e0 \u00e9tablir les budgets les plus pr\u00e9cis de l'industrie.<\/p>\n<h3 style=\"font-family: var( --e-global-typography-secondary-font-family ), Sans-serif; font-weight: var( --e-global-typography-secondary-font-weight ); font-size: var(--heading--font-size-h3); letter-spacing: normal; line-height: var(--heading--line-height-h3);\">Planification de la Construction<\/h3>\n<p style=\"line-height: var(--wp--typography--line-height, var(--global--line-height-body));\">Aucun projet ne peut \u00eatre men\u00e9 \u00e0 bien sans une bonne planification de l'\u00e9ventuelle phase de construction du projet. Leeswood utilise son personnel de construction pour examiner le site (d\u00e9j\u00e0 termin\u00e9 pour ce projet), discuter des m\u00e9thodes de construction et pr\u00e9senter le tout \u00e0 l'\u00e9quipe de gestion de la construction afin d\u2019obtenir leur contribution et analyser un plan pour les \u00e9v\u00e9nements de construction.<\/p>\n<p style=\"line-height: var(--wp--typography--line-height, var(--global--line-height-body));\">Chez Leeswood, nous avons la capacit\u00e9 interne de faire des plans de construction conceptuels qui seront \u00e9valu\u00e9s par les clients. Gr\u00e2ce \u00e0 des ann\u00e9es d'exp\u00e9rience et de cr\u00e9ativit\u00e9, nous sommes en mesure de concevoir des b\u00e2timents uniques qui s'adapteront \u00e0 diff\u00e9rentes formes et tailles de terrains.<\/p>\n<h3 style=\"font-family: var( --e-global-typography-secondary-font-family ), Sans-serif; font-weight: var( --e-global-typography-secondary-font-weight ); font-size: var(--heading--font-size-h3); letter-spacing: normal; line-height: var(--heading--line-height-h3);\">Construction<\/h3>\n<p style=\"line-height: var(--wp--typography--line-height, var(--global--line-height-body));\">Conform\u00e9ment au plan et au calendrier r\u00e9vis\u00e9s avec l'\u00e9quipe de gestion de la construction, Leeswood emploiera les corps de m\u00e9tiers les plus comp\u00e9tents disponibles, g\u00e9n\u00e9ralement des chefs de file de l'industrie, et s'assurera que les m\u00e9thodes, les mat\u00e9riaux et la main-d'\u0153uvre utilis\u00e9s atteignent ou d\u00e9passent les objectifs du projet.<\/p>\n<h3 style=\"font-family: var( --e-global-typography-secondary-font-family ), Sans-serif; font-weight: var( --e-global-typography-secondary-font-weight ); font-size: var(--heading--font-size-h3); letter-spacing: normal; line-height: var(--heading--line-height-h3);\">Projet et Contr\u00f4le des Co\u00fbts<\/h3>\n<p style=\"line-height: var(--wp--typography--line-height, var(--global--line-height-body));\">Le contr\u00f4le des co\u00fbts garantit que le projet et les co\u00fbts sont correctement surveill\u00e9s \u00e0 l'aide de nos syst\u00e8mes de gestion de projet et de comptabilit\u00e9 analytique et fournit des rapports sur tous les domaines strat\u00e9giques de la phase de construction \u00e0 l'\u00e9quipe de gestion de la construction ainsi qu\u2019au client. Une fois l\u2019approbation obtenue et la certification des s\u00e9quences de travail achev\u00e9es, l'\u00e9quipe de gestion de la construction re\u00e7oit les demandes de paiement des sous-traitants. Elle garantit \u00e9galement que les rapports de test et d'inspection sont mis \u00e0 disposition pour r\u00e9vision par l'\u00e9quipe et le client.<\/p>\n<h3 style=\"font-family: var( --e-global-typography-secondary-font-family ), Sans-serif; font-weight: var( --e-global-typography-secondary-font-weight ); font-size: var(--heading--font-size-h3); letter-spacing: normal; line-height: var(--heading--line-height-h3);\">Changements dans la Port\u00e9e des Travaux<\/h3>\n<p style=\"line-height: var(--wp--typography--line-height, var(--global--line-height-body));\">Les modifications de la port\u00e9e des travaux doivent \u00eatre pr\u00e9par\u00e9es et \u00e9valu\u00e9es et, apr\u00e8s approbation par le client, seront mises en \u0153uvre dans le programme de construction par l'\u00e9quipe de gestion de la construction et le directeur de la construction.<\/p>\n<h3 style=\"font-family: var( --e-global-typography-secondary-font-family ), Sans-serif; font-weight: var( --e-global-typography-secondary-font-weight ); font-size: var(--heading--font-size-h3); letter-spacing: normal; line-height: var(--heading--line-height-h3);\">Ach\u00e8vement du Projet<\/h3>\n<p style=\"line-height: var(--wp--typography--line-height, var(--global--line-height-body));\">\u00c0 l'ach\u00e8vement du projet, de nombreuses activit\u00e9s ont lieu, notamment la publication du certificat d'ach\u00e8vement substantiel, le nettoyage final, le d\u00e9marrage de l'\u00e9quipement, la saisie et l'ach\u00e8vement de tous les dessins conformes \u00e0 l'ex\u00e9cution. Leeswood travaille pour assurer la conformit\u00e9 de ces activit\u00e9s finales en collaboration avec l'\u00e9quipe de gestion de la construction afin de permettre une transition en douceur vers le propri\u00e9taire.<\/p>\n<h3 style=\"font-family: var( --e-global-typography-secondary-font-family ), Sans-serif; font-weight: var( --e-global-typography-secondary-font-weight ); font-size: var(--heading--font-size-h3); letter-spacing: normal; line-height: var(--heading--line-height-h3);\">Phase Post-Construction<\/h3>\n<p style=\"line-height: var(--wp--typography--line-height, var(--global--line-height-body));\">Lors de la phase post-construction, Leeswood et l'\u00e9quipe de gestion de la construction compl\u00e8tent tous les dessins conform\u00e9ment aux conditions d'ex\u00e9cution. Ces dessins sont fournis \u00e9lectroniquement. Les gestionnaires d'immeubles sont form\u00e9s au fonctionnement de l'\u00e9quipement et des syst\u00e8mes de l'immeuble. Les manuels d'utilisation et les manuels de garantie sont pr\u00e9par\u00e9s et remis au client.<\/p>\n<h3 style=\"font-family: var( --e-global-typography-secondary-font-family ), Sans-serif; font-weight: var( --e-global-typography-secondary-font-weight ); font-size: var(--heading--font-size-h3); letter-spacing: normal; line-height: var(--heading--line-height-h3);\">Project Management \/ Construction Management Systems<\/h3>\n<p style=\"line-height: var(--wp--typography--line-height, var(--global--line-height-body));\">Leeswood utilise Jonas Software Systems pour ses syst\u00e8mes de contr\u00f4le de projet, notamment :<\/p>\n<ul style=\"padding-left: calc(2 * var(--global--spacing-horizontal)); font-family: var(--list--font-family);\">\n<li>Co\u00fbt du Travail<\/li>\n<li>Contr\u00f4le de Sous-Traitance<\/li>\n<li>Planificateur de Travaux (avec Microsoft Project)<\/li>\n<li>Gestion de la Construction<\/li>\n<li>Facturation T&amp;M<\/li>\n<li>Journal de Contr\u00f4le des Ordres de Modification Envisag\u00e9s<\/li>\n<li>Modification du Journal de Contr\u00f4le des Commandes<\/li>\n<li>Journal de Gestion de Projet<\/li>\n<\/ul>\n<p style=\"line-height: var(--wp--typography--line-height, var(--global--line-height-body));\">De plus, tous nos formulaires de projet standard en ce qui concerne le suivi des proc\u00e8s-verbaux des r\u00e9unions, la liste de contr\u00f4le des documents de chantier, les factures, le journal de projet quotidien, la demande d'informations (RFI), la demande de devis (RFQ), l'addenda, le journal quotidien des mat\u00e9riaux en b\u00e9ton, le journal quotidien des \u00e9quipements, les ordres de modification et le journal des mat\u00e9riaux d'agr\u00e9gat sont fournis \u00e0 titre d'information.<\/p>\n<p style=\"line-height: var(--wp--typography--line-height, var(--global--line-height-body));\"><span style=\"font-family: var( --e-global-typography-secondary-font-family ), Sans-serif; font-size: var(--heading--font-size-h3); font-weight: var( --e-global-typography-secondary-font-weight );\">Value Engineering<\/span><\/p>\n<p style=\"line-height: var(--wp--typography--line-height, var(--global--line-height-body));\">Chez Leeswood, nous sommes fiers d'offrir des solutions compl\u00e8tes cl\u00e9 en main. Il est de notre devoir de vous guider \u00e0 travers ce qui peut sembler \u00eatre un processus difficile. Nous pensons qu'il est de notre responsabilit\u00e9 de vous accompagner tout au long de ce processus, de la conception \u00e0 la r\u00e9alisation. Les partenaires Leeswood sont tr\u00e8s actifs et s'assurent qu'ils sont personnellement impliqu\u00e9s dans chaque projet. Ils soutiennent notre devise de \u00ab 100 % satisfaction client \u00bb.<\/p>\n<p style=\"line-height: var(--wp--typography--line-height, var(--global--line-height-body));\">Nous sommes confiants dans notre capacit\u00e9 \u00e0 vous conseiller sur :<\/p>\n<ul style=\"padding-left: calc(2 * var(--global--spacing-horizontal)); font-family: var(--list--font-family);\">\n<li>Mesures d'\u00e9conomies sans compromettre la qualit\u00e9<\/li>\n<li>Nouveaux produits et technologies<\/li>\n<li>Dates d'ach\u00e8vement r\u00e9alistes<\/li>\n<li>Exigences de processus<\/li>\n<li>Codes et r\u00e8glements du b\u00e2timent<\/li>\n<\/ul>\t\t\t\t\t\t<\/div>\n\t\t\t\t<\/div>\n\t\t\t\t\t<\/div>\n\t\t<\/div>\n\t\t\t\t\t<\/div>\n\t\t<\/section>\n\t\t\t\t<\/div>","protected":false},"excerpt":{"rendered":"<p>What is Construction Management? Construction Management&nbsp;(CM) is a professional service that uses specialized,&nbsp;project management&nbsp;techniques to oversee the planning, design, and construction of a project, from its beginning to its end. The purpose of CM is to control a project?s time \/ delivery, cost and quality.&nbsp;&nbsp;CM is compatible with all&nbsp;project delivery systems, including design-bid-build, design-build, CM&hellip; <a class=\"more-link\" href=\"https:\/\/leeswood.ca\/fr\/capabilities\/construction-management\/\">Continue reading <span class=\"screen-reader-text\">Gestion de la Construction<\/span><\/a><\/p>","protected":false},"author":1,"featured_media":461,"parent":104,"menu_order":1,"comment_status":"closed","ping_status":"closed","template":"","meta":{"footnotes":""},"yoast_head":"<!-- This site is optimized with the Yoast SEO plugin v22.8 - https:\/\/yoast.com\/wordpress\/plugins\/seo\/ -->\n<title>Construction Management - Leeswood Construction<\/title>\n<meta name=\"robots\" content=\"index, follow, max-snippet:-1, max-image-preview:large, max-video-preview:-1\" \/>\n<link rel=\"canonical\" href=\"https:\/\/leeswood.ca\/fr\/capabilities\/construction-management\/\" \/>\n<meta property=\"og:locale\" content=\"fr_CA\" \/>\n<meta property=\"og:type\" content=\"article\" \/>\n<meta property=\"og:title\" content=\"Construction Management - Leeswood Construction\" \/>\n<meta property=\"og:description\" content=\"What is Construction Management? Construction Management&nbsp;(CM) is a professional service that uses specialized,&nbsp;project management&nbsp;techniques to oversee the planning, design, and construction of a project, from its beginning to its end. The purpose of CM is to control a project\u2019s time \/ delivery, cost and quality.&nbsp;&nbsp;CM is compatible with all&nbsp;project delivery systems, including design-bid-build, design-build, CM&hellip; Continue reading Construction Management\" \/>\n<meta property=\"og:url\" content=\"https:\/\/leeswood.ca\/fr\/capabilities\/construction-management\/\" \/>\n<meta property=\"og:site_name\" content=\"Leeswood Construction\" \/>\n<meta property=\"article:publisher\" content=\"https:\/\/www.facebook.com\/LeeswoodConstruction\/\" \/>\n<meta property=\"article:modified_time\" content=\"2022-04-25T17:46:15+00:00\" \/>\n<meta property=\"og:image\" content=\"https:\/\/leeswood.ca\/wp-content\/uploads\/default_header_greylogo.jpg\" \/>\n\t<meta property=\"og:image:width\" content=\"1200\" \/>\n\t<meta property=\"og:image:height\" content=\"450\" \/>\n\t<meta property=\"og:image:type\" content=\"image\/jpeg\" \/>\n<meta name=\"twitter:card\" content=\"summary_large_image\" \/>\n<meta name=\"twitter:label1\" content=\"Estimation du temps de lecture\" \/>\n\t<meta name=\"twitter:data1\" content=\"5 minutes\" \/>\n<script type=\"application\/ld+json\" class=\"yoast-schema-graph\">{\"@context\":\"https:\/\/schema.org\",\"@graph\":[{\"@type\":\"WebPage\",\"@id\":\"https:\/\/leeswood.ca\/capabilities\/construction-management\/\",\"url\":\"https:\/\/leeswood.ca\/capabilities\/construction-management\/\",\"name\":\"Construction Management - Leeswood Construction\",\"isPartOf\":{\"@id\":\"https:\/\/leeswood.ca\/fr\/#website\"},\"primaryImageOfPage\":{\"@id\":\"https:\/\/leeswood.ca\/capabilities\/construction-management\/#primaryimage\"},\"image\":{\"@id\":\"https:\/\/leeswood.ca\/capabilities\/construction-management\/#primaryimage\"},\"thumbnailUrl\":\"https:\/\/leeswood.ca\/wp-content\/uploads\/default_header_greylogo.jpg\",\"datePublished\":\"2021-05-22T22:56:53+00:00\",\"dateModified\":\"2022-04-25T17:46:15+00:00\",\"breadcrumb\":{\"@id\":\"https:\/\/leeswood.ca\/capabilities\/construction-management\/#breadcrumb\"},\"inLanguage\":\"fr-CA\",\"potentialAction\":[{\"@type\":\"ReadAction\",\"target\":[\"https:\/\/leeswood.ca\/capabilities\/construction-management\/\"]}]},{\"@type\":\"ImageObject\",\"inLanguage\":\"fr-CA\",\"@id\":\"https:\/\/leeswood.ca\/capabilities\/construction-management\/#primaryimage\",\"url\":\"https:\/\/leeswood.ca\/wp-content\/uploads\/default_header_greylogo.jpg\",\"contentUrl\":\"https:\/\/leeswood.ca\/wp-content\/uploads\/default_header_greylogo.jpg\",\"width\":1200,\"height\":450},{\"@type\":\"BreadcrumbList\",\"@id\":\"https:\/\/leeswood.ca\/capabilities\/construction-management\/#breadcrumb\",\"itemListElement\":[{\"@type\":\"ListItem\",\"position\":1,\"name\":\"Home\",\"item\":\"https:\/\/leeswood.ca\/\"},{\"@type\":\"ListItem\",\"position\":2,\"name\":\"Our Expertise\",\"item\":\"https:\/\/leeswood.ca\/capabilities\/\"},{\"@type\":\"ListItem\",\"position\":3,\"name\":\"Construction Management\"}]},{\"@type\":\"WebSite\",\"@id\":\"https:\/\/leeswood.ca\/fr\/#website\",\"url\":\"https:\/\/leeswood.ca\/fr\/\",\"name\":\"Leeswood Construction\",\"description\":\"Design \/ Build Specialists\",\"potentialAction\":[{\"@type\":\"SearchAction\",\"target\":{\"@type\":\"EntryPoint\",\"urlTemplate\":\"https:\/\/leeswood.ca\/fr\/?s={search_term_string}\"},\"query-input\":\"required name=search_term_string\"}],\"inLanguage\":\"fr-CA\"}]}<\/script>\n<!-- \/ Yoast SEO plugin. -->","yoast_head_json":{"title":"Construction Management - Leeswood Construction","robots":{"index":"index","follow":"follow","max-snippet":"max-snippet:-1","max-image-preview":"max-image-preview:large","max-video-preview":"max-video-preview:-1"},"canonical":"https:\/\/leeswood.ca\/fr\/capabilities\/construction-management\/","og_locale":"fr_CA","og_type":"article","og_title":"Construction Management - Leeswood Construction","og_description":"What is Construction Management? Construction Management&nbsp;(CM) is a professional service that uses specialized,&nbsp;project management&nbsp;techniques to oversee the planning, design, and construction of a project, from its beginning to its end. The purpose of CM is to control a project\u2019s time \/ delivery, cost and quality.&nbsp;&nbsp;CM is compatible with all&nbsp;project delivery systems, including design-bid-build, design-build, CM&hellip; Continue reading Construction Management","og_url":"https:\/\/leeswood.ca\/fr\/capabilities\/construction-management\/","og_site_name":"Leeswood Construction","article_publisher":"https:\/\/www.facebook.com\/LeeswoodConstruction\/","article_modified_time":"2022-04-25T17:46:15+00:00","og_image":[{"width":1200,"height":450,"url":"https:\/\/leeswood.ca\/wp-content\/uploads\/default_header_greylogo.jpg","type":"image\/jpeg"}],"twitter_card":"summary_large_image","twitter_misc":{"Estimation du temps de lecture":"5 minutes"},"schema":{"@context":"https:\/\/schema.org","@graph":[{"@type":"WebPage","@id":"https:\/\/leeswood.ca\/capabilities\/construction-management\/","url":"https:\/\/leeswood.ca\/capabilities\/construction-management\/","name":"Construction Management - Leeswood Construction","isPartOf":{"@id":"https:\/\/leeswood.ca\/fr\/#website"},"primaryImageOfPage":{"@id":"https:\/\/leeswood.ca\/capabilities\/construction-management\/#primaryimage"},"image":{"@id":"https:\/\/leeswood.ca\/capabilities\/construction-management\/#primaryimage"},"thumbnailUrl":"https:\/\/leeswood.ca\/wp-content\/uploads\/default_header_greylogo.jpg","datePublished":"2021-05-22T22:56:53+00:00","dateModified":"2022-04-25T17:46:15+00:00","breadcrumb":{"@id":"https:\/\/leeswood.ca\/capabilities\/construction-management\/#breadcrumb"},"inLanguage":"fr-CA","potentialAction":[{"@type":"ReadAction","target":["https:\/\/leeswood.ca\/capabilities\/construction-management\/"]}]},{"@type":"ImageObject","inLanguage":"fr-CA","@id":"https:\/\/leeswood.ca\/capabilities\/construction-management\/#primaryimage","url":"https:\/\/leeswood.ca\/wp-content\/uploads\/default_header_greylogo.jpg","contentUrl":"https:\/\/leeswood.ca\/wp-content\/uploads\/default_header_greylogo.jpg","width":1200,"height":450},{"@type":"BreadcrumbList","@id":"https:\/\/leeswood.ca\/capabilities\/construction-management\/#breadcrumb","itemListElement":[{"@type":"ListItem","position":1,"name":"Home","item":"https:\/\/leeswood.ca\/"},{"@type":"ListItem","position":2,"name":"Our Expertise","item":"https:\/\/leeswood.ca\/capabilities\/"},{"@type":"ListItem","position":3,"name":"Construction Management"}]},{"@type":"WebSite","@id":"https:\/\/leeswood.ca\/fr\/#website","url":"https:\/\/leeswood.ca\/fr\/","name":"Leeswood Construction","description":"Design \/ Build Specialists","potentialAction":[{"@type":"SearchAction","target":{"@type":"EntryPoint","urlTemplate":"https:\/\/leeswood.ca\/fr\/?s={search_term_string}"},"query-input":"required name=search_term_string"}],"inLanguage":"fr-CA"}]}},"_links":{"self":[{"href":"https:\/\/leeswood.ca\/fr\/wp-json\/wp\/v2\/pages\/108"}],"collection":[{"href":"https:\/\/leeswood.ca\/fr\/wp-json\/wp\/v2\/pages"}],"about":[{"href":"https:\/\/leeswood.ca\/fr\/wp-json\/wp\/v2\/types\/page"}],"author":[{"embeddable":true,"href":"https:\/\/leeswood.ca\/fr\/wp-json\/wp\/v2\/users\/1"}],"replies":[{"embeddable":true,"href":"https:\/\/leeswood.ca\/fr\/wp-json\/wp\/v2\/comments?post=108"}],"version-history":[{"count":41,"href":"https:\/\/leeswood.ca\/fr\/wp-json\/wp\/v2\/pages\/108\/revisions"}],"predecessor-version":[{"id":3130,"href":"https:\/\/leeswood.ca\/fr\/wp-json\/wp\/v2\/pages\/108\/revisions\/3130"}],"up":[{"embeddable":true,"href":"https:\/\/leeswood.ca\/fr\/wp-json\/wp\/v2\/pages\/104"}],"wp:featuredmedia":[{"embeddable":true,"href":"https:\/\/leeswood.ca\/fr\/wp-json\/wp\/v2\/media\/461"}],"wp:attachment":[{"href":"https:\/\/leeswood.ca\/fr\/wp-json\/wp\/v2\/media?parent=108"}],"curies":[{"name":"wp","href":"https:\/\/api.w.org\/{rel}","templated":true}]}}