
{"id":110,"date":"2021-05-22T18:57:34","date_gmt":"2021-05-22T22:57:34","guid":{"rendered":"http:\/\/leeswood.ca\/?page_id=110"},"modified":"2022-04-14T11:57:13","modified_gmt":"2022-04-14T15:57:13","slug":"municipal-services","status":"publish","type":"page","link":"https:\/\/leeswood.ca\/fr\/capabilities\/municipal-services\/","title":{"rendered":"<p>Services Municipaux<\/p>"},"content":{"rendered":"<div data-elementor-type=\"wp-page\" data-elementor-id=\"110\" class=\"elementor elementor-110\">\n\t\t\t\t\t\t<section class=\"elementor-section elementor-top-section elementor-element elementor-element-69ca032e elementor-section-boxed elementor-section-height-default elementor-section-height-default\" data-id=\"69ca032e\" data-element_type=\"section\">\n\t\t\t\t\t\t<div class=\"elementor-container elementor-column-gap-default\">\n\t\t\t\t\t<div class=\"elementor-column elementor-col-100 elementor-top-column elementor-element elementor-element-45f001ae\" data-id=\"45f001ae\" data-element_type=\"column\">\n\t\t\t<div class=\"elementor-widget-wrap elementor-element-populated\">\n\t\t\t\t\t\t<div class=\"elementor-element elementor-element-d67de13 elementor-widget elementor-widget-text-editor\" data-id=\"d67de13\" data-element_type=\"widget\" data-widget_type=\"text-editor.default\">\n\t\t\t\t<div class=\"elementor-widget-container\">\n\t\t\t\t\t\t\t<p><!-- wp:paragraph --><\/p>\n<p>Leeswood dispose d'un service interne d\u00e9di\u00e9 aux Services Municipaux.<\/p>\n<p>Notre personnel des services municipaux vous aide \u00e0 naviguer dans le processus de permis rapidement et en douceur, en travaillant avec les \u00e9ch\u00e9anciers de construction ainsi que les \u00e9ch\u00e9anciers au sein de chaque municipalit\u00e9. Notre \u00e9quipe est form\u00e9e sur les diff\u00e9rents processus municipaux et les exigences de soumission qui aident \u00e0 r\u00e9duire les commentaires et \u00e0 faciliter les proc\u00e9dures d'approbation compliqu\u00e9es. Le non-respect des d\u00e9lais peut entra\u00eener une augmentation des redevances d'am\u00e9nagement ainsi que des redevances municipales et r\u00e9gionales. Notre personnel d\u00e9vou\u00e9 travaille en \u00e9troite collaboration avec le personnel de la Municipalit\u00e9 pour favoriser des p\u00e9riodes de r\u00e9vision plus courtes et tirer parti des relations existantes avec les juridictions pour obtenir des informations rapidement.<\/p>\n<p>Nous sommes responsables de la recherche des exigences municipales, de la facilitation des demandes de plan d'implantation, du comit\u00e9 d'ajustements, des demandes de permis de construction, des demandes r\u00e9gionales et de conservation ainsi que de la coordination avec les consultants pendant toute la dur\u00e9e du projet.<\/p>\n<p>Le d\u00e9partement des services municipaux de Leeswood s'efforce d'\u00e9tablir et de maintenir des relations avec les organismes directeurs qui seront un atout pour nos clients.<\/p>\n<p><!-- \/wp:paragraph --><\/p>\t\t\t\t\t\t<\/div>\n\t\t\t\t<\/div>\n\t\t\t\t\t<\/div>\n\t\t<\/div>\n\t\t\t\t\t<\/div>\n\t\t<\/section>\n\t\t\t\t<\/div>","protected":false},"excerpt":{"rendered":"<p>Leeswood has a dedicated in-house Municipal Services department. Our municipal services staff help navigate the permit process quickly and smoothly, working with construction timelines as well as timelines within each municipality. They are educated on different municipal processes and submission requirements that aid to reduce comments and assist in complicated approval procedures. Missed deadlines can&hellip; <a class=\"more-link\" href=\"https:\/\/leeswood.ca\/fr\/capabilities\/municipal-services\/\">Continue reading <span class=\"screen-reader-text\">Services Municipaux<\/span><\/a><\/p>","protected":false},"author":1,"featured_media":461,"parent":104,"menu_order":3,"comment_status":"closed","ping_status":"closed","template":"","meta":{"footnotes":""},"yoast_head":"<!-- This site is optimized with the Yoast SEO plugin v22.8 - https:\/\/yoast.com\/wordpress\/plugins\/seo\/ -->\n<title>Municipal Services - Leeswood Construction<\/title>\n<meta name=\"robots\" content=\"index, follow, max-snippet:-1, max-image-preview:large, max-video-preview:-1\" \/>\n<link rel=\"canonical\" href=\"https:\/\/leeswood.ca\/fr\/capabilities\/municipal-services\/\" \/>\n<meta property=\"og:locale\" content=\"fr_CA\" \/>\n<meta property=\"og:type\" content=\"article\" \/>\n<meta property=\"og:title\" content=\"Municipal Services - Leeswood Construction\" \/>\n<meta property=\"og:description\" content=\"Leeswood has a dedicated in-house Municipal Services department. Our municipal services staff help navigate the permit process quickly and smoothly, working with construction timelines as well as timelines within each municipality. They are educated on different municipal processes and submission requirements that aid to reduce comments and assist in complicated approval procedures. Missed deadlines can&hellip; Continue reading Municipal Services\" \/>\n<meta property=\"og:url\" content=\"https:\/\/leeswood.ca\/fr\/capabilities\/municipal-services\/\" \/>\n<meta property=\"og:site_name\" content=\"Leeswood Construction\" \/>\n<meta property=\"article:publisher\" content=\"https:\/\/www.facebook.com\/LeeswoodConstruction\/\" \/>\n<meta property=\"article:modified_time\" content=\"2022-04-14T15:57:13+00:00\" \/>\n<meta property=\"og:image\" content=\"https:\/\/leeswood.ca\/wp-content\/uploads\/default_header_greylogo.jpg\" \/>\n\t<meta property=\"og:image:width\" content=\"1200\" \/>\n\t<meta property=\"og:image:height\" content=\"450\" \/>\n\t<meta property=\"og:image:type\" content=\"image\/jpeg\" \/>\n<meta name=\"twitter:card\" content=\"summary_large_image\" \/>\n<meta name=\"twitter:label1\" content=\"Estimation du temps de lecture\" \/>\n\t<meta name=\"twitter:data1\" content=\"1 minute\" \/>\n<script type=\"application\/ld+json\" class=\"yoast-schema-graph\">{\"@context\":\"https:\/\/schema.org\",\"@graph\":[{\"@type\":\"WebPage\",\"@id\":\"https:\/\/leeswood.ca\/capabilities\/municipal-services\/\",\"url\":\"https:\/\/leeswood.ca\/capabilities\/municipal-services\/\",\"name\":\"Municipal Services - Leeswood Construction\",\"isPartOf\":{\"@id\":\"https:\/\/leeswood.ca\/fr\/#website\"},\"primaryImageOfPage\":{\"@id\":\"https:\/\/leeswood.ca\/capabilities\/municipal-services\/#primaryimage\"},\"image\":{\"@id\":\"https:\/\/leeswood.ca\/capabilities\/municipal-services\/#primaryimage\"},\"thumbnailUrl\":\"https:\/\/leeswood.ca\/wp-content\/uploads\/default_header_greylogo.jpg\",\"datePublished\":\"2021-05-22T22:57:34+00:00\",\"dateModified\":\"2022-04-14T15:57:13+00:00\",\"breadcrumb\":{\"@id\":\"https:\/\/leeswood.ca\/capabilities\/municipal-services\/#breadcrumb\"},\"inLanguage\":\"fr-CA\",\"potentialAction\":[{\"@type\":\"ReadAction\",\"target\":[\"https:\/\/leeswood.ca\/capabilities\/municipal-services\/\"]}]},{\"@type\":\"ImageObject\",\"inLanguage\":\"fr-CA\",\"@id\":\"https:\/\/leeswood.ca\/capabilities\/municipal-services\/#primaryimage\",\"url\":\"https:\/\/leeswood.ca\/wp-content\/uploads\/default_header_greylogo.jpg\",\"contentUrl\":\"https:\/\/leeswood.ca\/wp-content\/uploads\/default_header_greylogo.jpg\",\"width\":1200,\"height\":450},{\"@type\":\"BreadcrumbList\",\"@id\":\"https:\/\/leeswood.ca\/capabilities\/municipal-services\/#breadcrumb\",\"itemListElement\":[{\"@type\":\"ListItem\",\"position\":1,\"name\":\"Home\",\"item\":\"https:\/\/leeswood.ca\/\"},{\"@type\":\"ListItem\",\"position\":2,\"name\":\"Our Expertise\",\"item\":\"https:\/\/leeswood.ca\/capabilities\/\"},{\"@type\":\"ListItem\",\"position\":3,\"name\":\"Municipal Services\"}]},{\"@type\":\"WebSite\",\"@id\":\"https:\/\/leeswood.ca\/fr\/#website\",\"url\":\"https:\/\/leeswood.ca\/fr\/\",\"name\":\"Leeswood Construction\",\"description\":\"Design \/ Build Specialists\",\"potentialAction\":[{\"@type\":\"SearchAction\",\"target\":{\"@type\":\"EntryPoint\",\"urlTemplate\":\"https:\/\/leeswood.ca\/fr\/?s={search_term_string}\"},\"query-input\":\"required name=search_term_string\"}],\"inLanguage\":\"fr-CA\"}]}<\/script>\n<!-- \/ Yoast SEO plugin. -->","yoast_head_json":{"title":"Municipal Services - Leeswood Construction","robots":{"index":"index","follow":"follow","max-snippet":"max-snippet:-1","max-image-preview":"max-image-preview:large","max-video-preview":"max-video-preview:-1"},"canonical":"https:\/\/leeswood.ca\/fr\/capabilities\/municipal-services\/","og_locale":"fr_CA","og_type":"article","og_title":"Municipal Services - Leeswood Construction","og_description":"Leeswood has a dedicated in-house Municipal Services department. Our municipal services staff help navigate the permit process quickly and smoothly, working with construction timelines as well as timelines within each municipality. They are educated on different municipal processes and submission requirements that aid to reduce comments and assist in complicated approval procedures. Missed deadlines can&hellip; Continue reading Municipal Services","og_url":"https:\/\/leeswood.ca\/fr\/capabilities\/municipal-services\/","og_site_name":"Leeswood Construction","article_publisher":"https:\/\/www.facebook.com\/LeeswoodConstruction\/","article_modified_time":"2022-04-14T15:57:13+00:00","og_image":[{"width":1200,"height":450,"url":"https:\/\/leeswood.ca\/wp-content\/uploads\/default_header_greylogo.jpg","type":"image\/jpeg"}],"twitter_card":"summary_large_image","twitter_misc":{"Estimation du temps de lecture":"1 minute"},"schema":{"@context":"https:\/\/schema.org","@graph":[{"@type":"WebPage","@id":"https:\/\/leeswood.ca\/capabilities\/municipal-services\/","url":"https:\/\/leeswood.ca\/capabilities\/municipal-services\/","name":"Municipal Services - Leeswood Construction","isPartOf":{"@id":"https:\/\/leeswood.ca\/fr\/#website"},"primaryImageOfPage":{"@id":"https:\/\/leeswood.ca\/capabilities\/municipal-services\/#primaryimage"},"image":{"@id":"https:\/\/leeswood.ca\/capabilities\/municipal-services\/#primaryimage"},"thumbnailUrl":"https:\/\/leeswood.ca\/wp-content\/uploads\/default_header_greylogo.jpg","datePublished":"2021-05-22T22:57:34+00:00","dateModified":"2022-04-14T15:57:13+00:00","breadcrumb":{"@id":"https:\/\/leeswood.ca\/capabilities\/municipal-services\/#breadcrumb"},"inLanguage":"fr-CA","potentialAction":[{"@type":"ReadAction","target":["https:\/\/leeswood.ca\/capabilities\/municipal-services\/"]}]},{"@type":"ImageObject","inLanguage":"fr-CA","@id":"https:\/\/leeswood.ca\/capabilities\/municipal-services\/#primaryimage","url":"https:\/\/leeswood.ca\/wp-content\/uploads\/default_header_greylogo.jpg","contentUrl":"https:\/\/leeswood.ca\/wp-content\/uploads\/default_header_greylogo.jpg","width":1200,"height":450},{"@type":"BreadcrumbList","@id":"https:\/\/leeswood.ca\/capabilities\/municipal-services\/#breadcrumb","itemListElement":[{"@type":"ListItem","position":1,"name":"Home","item":"https:\/\/leeswood.ca\/"},{"@type":"ListItem","position":2,"name":"Our Expertise","item":"https:\/\/leeswood.ca\/capabilities\/"},{"@type":"ListItem","position":3,"name":"Municipal Services"}]},{"@type":"WebSite","@id":"https:\/\/leeswood.ca\/fr\/#website","url":"https:\/\/leeswood.ca\/fr\/","name":"Leeswood Construction","description":"Design \/ Build Specialists","potentialAction":[{"@type":"SearchAction","target":{"@type":"EntryPoint","urlTemplate":"https:\/\/leeswood.ca\/fr\/?s={search_term_string}"},"query-input":"required name=search_term_string"}],"inLanguage":"fr-CA"}]}},"_links":{"self":[{"href":"https:\/\/leeswood.ca\/fr\/wp-json\/wp\/v2\/pages\/110"}],"collection":[{"href":"https:\/\/leeswood.ca\/fr\/wp-json\/wp\/v2\/pages"}],"about":[{"href":"https:\/\/leeswood.ca\/fr\/wp-json\/wp\/v2\/types\/page"}],"author":[{"embeddable":true,"href":"https:\/\/leeswood.ca\/fr\/wp-json\/wp\/v2\/users\/1"}],"replies":[{"embeddable":true,"href":"https:\/\/leeswood.ca\/fr\/wp-json\/wp\/v2\/comments?post=110"}],"version-history":[{"count":27,"href":"https:\/\/leeswood.ca\/fr\/wp-json\/wp\/v2\/pages\/110\/revisions"}],"predecessor-version":[{"id":2926,"href":"https:\/\/leeswood.ca\/fr\/wp-json\/wp\/v2\/pages\/110\/revisions\/2926"}],"up":[{"embeddable":true,"href":"https:\/\/leeswood.ca\/fr\/wp-json\/wp\/v2\/pages\/104"}],"wp:featuredmedia":[{"embeddable":true,"href":"https:\/\/leeswood.ca\/fr\/wp-json\/wp\/v2\/media\/461"}],"wp:attachment":[{"href":"https:\/\/leeswood.ca\/fr\/wp-json\/wp\/v2\/media?parent=110"}],"curies":[{"name":"wp","href":"https:\/\/api.w.org\/{rel}","templated":true}]}}