
{"id":112,"date":"2021-05-22T18:59:02","date_gmt":"2021-05-22T22:59:02","guid":{"rendered":"http:\/\/leeswood.ca\/?page_id=112"},"modified":"2022-04-14T11:00:31","modified_gmt":"2022-04-14T15:00:31","slug":"site-planning","status":"publish","type":"page","link":"https:\/\/leeswood.ca\/fr\/capabilities\/site-planning\/","title":{"rendered":"<p>ESG<\/p>"},"content":{"rendered":"<div data-elementor-type=\"wp-page\" data-elementor-id=\"112\" class=\"elementor elementor-112\">\n\t\t\t\t\t\t<section class=\"elementor-section elementor-top-section elementor-element elementor-element-57460ec7 elementor-section-boxed elementor-section-height-default elementor-section-height-default\" data-id=\"57460ec7\" data-element_type=\"section\">\n\t\t\t\t\t\t<div class=\"elementor-container elementor-column-gap-default\">\n\t\t\t\t\t<div class=\"elementor-column elementor-col-100 elementor-top-column elementor-element elementor-element-2738083b\" data-id=\"2738083b\" data-element_type=\"column\">\n\t\t\t<div class=\"elementor-widget-wrap elementor-element-populated\">\n\t\t\t\t\t\t<div class=\"elementor-element elementor-element-142a987d elementor-widget elementor-widget-text-editor\" data-id=\"142a987d\" data-element_type=\"widget\" data-widget_type=\"text-editor.default\">\n\t\t\t\t<div class=\"elementor-widget-container\">\n\t\t\t\t\t\t\t<p>Leeswood s'engage \u00e0 suivre les principes et les exigences ESG (Criti\u00e8res environmenteaux, sociauz et de gouvernance).<\/p><h4><strong>TECHNOLOGIES LEED\/VERTES<\/strong><\/h4><p>C'est une exigence de nos jours que les installations des b\u00e2timents soient construites ou aient un minimum de technologie int\u00e9gr\u00e9e pour s'assurer qu'elles soient VERTES. Leeswood poss\u00e8de une vaste exp\u00e9rience dans la conception et la construction de b\u00e2timents et d'installations qui minimisent l'impact de chacun sur l'environnement en plus d\u2019\u00eatre \u00e9conomes en \u00e9nergie. Nous avons un service d\u00e9di\u00e9 \u00e0 la durabilit\u00e9 compos\u00e9 d'associ\u00e9s certifi\u00e9s LEED Green et LEED AP qui s'occupent des nombreuses r\u00e9glementations gouvernementales et des demandes requises pour garantir que le processus de certification de chaque projet se d\u00e9roulera sans probl\u00e8mes.<\/p><h4><strong>LEED (Leadership en Mati\u00e8re de Conception \u00c9nerg\u00e9tique et Environnementale)&nbsp;<\/strong><\/h4><p>Il existe plusieurs niveaux LEED, dont la certification standard, argent, or et platine. Ceux-ci exigent que des rapports d\u00e9taill\u00e9s soient conserv\u00e9s sur tous les travaux, mat\u00e9riaux et \u00e9quipements impliqu\u00e9s dans la construction du b\u00e2timent. Les nombreux formulaires \u00e0 remplir, les demandes, les photos, les r\u00e9unions et les soumissions n\u00e9cessitent la collaboration de nos experts en d\u00e9veloppement durable avec des consultants LEED sur le projet pour assurer r\u00e9ussite de la certification. L'exp\u00e9rience de Leeswood dans ce domaine est vaste et nous avons atteint tous les niveaux de certification demand\u00e9s par un client pour un b\u00e2timent. En plus de LEED, de nombreuses municipalit\u00e9s ont maintenant des normes \u00e9cologiques minimales que chaque b\u00e2timent doit respecter. Elles varient d'une municipalit\u00e9 \u00e0 l'autre, mais Leeswood est familier avec les diverses exigences requises.<\/p><h4><strong>\u00c9MISSION NET Z\u00c9RO<\/strong><\/h4><p>Il y a une volont\u00e9 mondiale de s'assurer que les nouveaux b\u00e2timents sont construits pour \u00eatre \u00c9mission Net Z\u00e9ro. La plupart des pays, y compris le Canada, fixent 2050 pour que tous les b\u00e2timents soient \u00c9mission Net Z\u00e9ro. Qu'est-ce qu'un b\u00e2timent \u00c9mission Net Z\u00e9ro ? Il s\u2019agit d\u2019un b\u00e2timent \u00e0 haute efficacit\u00e9 \u00e9nerg\u00e9tique qui produit sur place, ou ach\u00e8te, de l'\u00e9nergie renouvelable sans carbone ou des compensations de carbone de haute qualit\u00e9 pour contrebalancer les \u00e9missions annuelles de carbone provenant des mat\u00e9riaux et des op\u00e9rations de construction. La plupart des b\u00e2timents en cours de conception \u00e0 l'heure actuelle sont toujours con\u00e7us et construits pour \u00eatre \u00c9mission Net Z\u00e9ro. Alors que de nombreux b\u00e2timents sont seulement construits pour \u00eatre conformes, Leeswood a achev\u00e9 le premier b\u00e2timent industriel au Canada certifi\u00e9 \u00c9mission Net Z\u00e9ro. Le service de durabilit\u00e9 de Leeswood a une compr\u00e9hension compl\u00e8te des directives et des m\u00e9thodes de conception pour obtenir une d\u00e9signation \u00c9mission Net Z\u00e9ro pour votre b\u00e2timent.<\/p><h4><strong>WELL<\/strong><\/h4><p>Il faut penser au b\u00e2timent comme aux mat\u00e9riaux, produits et \u00e9quipements n\u00e9cessaires pour compl\u00e9ter l'installation, mais en plus, il faut penser \u00e0 l'environnement int\u00e9rieur. Pour cr\u00e9er l\u2019environnement int\u00e9rieur du b\u00e2timent con\u00e7u pour \u00eatre sain et pour qu'il soit un endroit o\u00f9 les gens sont heureux et confortables, les normes WELL ont \u00e9t\u00e9 d\u00e9velopp\u00e9es. Notre groupe de d\u00e9veloppement durable poss\u00e8de les connaissances et l'exp\u00e9rience n\u00e9cessaires pour garantir que votre b\u00e2timent disposera d'un espace int\u00e9rieur certifi\u00e9 WELL si cela s'av\u00e8re n\u00e9cessaire.<\/p>\t\t\t\t\t\t<\/div>\n\t\t\t\t<\/div>\n\t\t\t\t\t<\/div>\n\t\t<\/div>\n\t\t\t\t\t<\/div>\n\t\t<\/section>\n\t\t\t\t<\/div>","protected":false},"excerpt":{"rendered":"<p>Leeswood is committed to following the principles and requirements of ESG (Environmental Social Governance). LEED\/GREEN TECHNOLOGIES It is a requirement these days that building facilities are built or have a minimum amount of technology built into them to ensure that they are GREEN. Leeswood is fully experienced in designing and constructing buildings and facilities that&hellip; <a class=\"more-link\" href=\"https:\/\/leeswood.ca\/fr\/capabilities\/site-planning\/\">Continue reading <span class=\"screen-reader-text\">ESG<\/span><\/a><\/p>","protected":false},"author":1,"featured_media":461,"parent":104,"menu_order":4,"comment_status":"closed","ping_status":"closed","template":"","meta":{"footnotes":""},"yoast_head":"<!-- This site is optimized with the Yoast SEO plugin v22.8 - https:\/\/yoast.com\/wordpress\/plugins\/seo\/ -->\n<title>ESG - Leeswood Construction<\/title>\n<meta name=\"robots\" content=\"index, follow, max-snippet:-1, max-image-preview:large, max-video-preview:-1\" \/>\n<link rel=\"canonical\" href=\"https:\/\/leeswood.ca\/fr\/capabilities\/site-planning\/\" \/>\n<meta property=\"og:locale\" content=\"fr_CA\" \/>\n<meta property=\"og:type\" content=\"article\" \/>\n<meta property=\"og:title\" content=\"ESG - Leeswood Construction\" \/>\n<meta property=\"og:description\" content=\"Leeswood is committed to following the principles and requirements of ESG (Environmental Social Governance). LEED\/GREEN TECHNOLOGIES It is a requirement these days that building facilities are built or have a minimum amount of technology built into them to ensure that they are GREEN. Leeswood is fully experienced in designing and constructing buildings and facilities that&hellip; Continue reading ESG\" \/>\n<meta property=\"og:url\" content=\"https:\/\/leeswood.ca\/fr\/capabilities\/site-planning\/\" \/>\n<meta property=\"og:site_name\" content=\"Leeswood Construction\" \/>\n<meta property=\"article:publisher\" content=\"https:\/\/www.facebook.com\/LeeswoodConstruction\/\" \/>\n<meta property=\"article:modified_time\" content=\"2022-04-14T15:00:31+00:00\" \/>\n<meta property=\"og:image\" content=\"https:\/\/leeswood.ca\/wp-content\/uploads\/default_header_greylogo.jpg\" \/>\n\t<meta property=\"og:image:width\" content=\"1200\" \/>\n\t<meta property=\"og:image:height\" content=\"450\" \/>\n\t<meta property=\"og:image:type\" content=\"image\/jpeg\" \/>\n<meta name=\"twitter:card\" content=\"summary_large_image\" \/>\n<meta name=\"twitter:label1\" content=\"Estimation du temps de lecture\" \/>\n\t<meta name=\"twitter:data1\" content=\"2 minutes\" \/>\n<script type=\"application\/ld+json\" class=\"yoast-schema-graph\">{\"@context\":\"https:\/\/schema.org\",\"@graph\":[{\"@type\":\"WebPage\",\"@id\":\"https:\/\/leeswood.ca\/capabilities\/site-planning\/\",\"url\":\"https:\/\/leeswood.ca\/capabilities\/site-planning\/\",\"name\":\"ESG - Leeswood Construction\",\"isPartOf\":{\"@id\":\"https:\/\/leeswood.ca\/fr\/#website\"},\"primaryImageOfPage\":{\"@id\":\"https:\/\/leeswood.ca\/capabilities\/site-planning\/#primaryimage\"},\"image\":{\"@id\":\"https:\/\/leeswood.ca\/capabilities\/site-planning\/#primaryimage\"},\"thumbnailUrl\":\"https:\/\/leeswood.ca\/wp-content\/uploads\/default_header_greylogo.jpg\",\"datePublished\":\"2021-05-22T22:59:02+00:00\",\"dateModified\":\"2022-04-14T15:00:31+00:00\",\"breadcrumb\":{\"@id\":\"https:\/\/leeswood.ca\/capabilities\/site-planning\/#breadcrumb\"},\"inLanguage\":\"fr-CA\",\"potentialAction\":[{\"@type\":\"ReadAction\",\"target\":[\"https:\/\/leeswood.ca\/capabilities\/site-planning\/\"]}]},{\"@type\":\"ImageObject\",\"inLanguage\":\"fr-CA\",\"@id\":\"https:\/\/leeswood.ca\/capabilities\/site-planning\/#primaryimage\",\"url\":\"https:\/\/leeswood.ca\/wp-content\/uploads\/default_header_greylogo.jpg\",\"contentUrl\":\"https:\/\/leeswood.ca\/wp-content\/uploads\/default_header_greylogo.jpg\",\"width\":1200,\"height\":450},{\"@type\":\"BreadcrumbList\",\"@id\":\"https:\/\/leeswood.ca\/capabilities\/site-planning\/#breadcrumb\",\"itemListElement\":[{\"@type\":\"ListItem\",\"position\":1,\"name\":\"Home\",\"item\":\"https:\/\/leeswood.ca\/\"},{\"@type\":\"ListItem\",\"position\":2,\"name\":\"Our Expertise\",\"item\":\"https:\/\/leeswood.ca\/capabilities\/\"},{\"@type\":\"ListItem\",\"position\":3,\"name\":\"ESG\"}]},{\"@type\":\"WebSite\",\"@id\":\"https:\/\/leeswood.ca\/fr\/#website\",\"url\":\"https:\/\/leeswood.ca\/fr\/\",\"name\":\"Leeswood Construction\",\"description\":\"Design \/ Build Specialists\",\"potentialAction\":[{\"@type\":\"SearchAction\",\"target\":{\"@type\":\"EntryPoint\",\"urlTemplate\":\"https:\/\/leeswood.ca\/fr\/?s={search_term_string}\"},\"query-input\":\"required name=search_term_string\"}],\"inLanguage\":\"fr-CA\"}]}<\/script>\n<!-- \/ Yoast SEO plugin. -->","yoast_head_json":{"title":"ESG - Leeswood Construction","robots":{"index":"index","follow":"follow","max-snippet":"max-snippet:-1","max-image-preview":"max-image-preview:large","max-video-preview":"max-video-preview:-1"},"canonical":"https:\/\/leeswood.ca\/fr\/capabilities\/site-planning\/","og_locale":"fr_CA","og_type":"article","og_title":"ESG - Leeswood Construction","og_description":"Leeswood is committed to following the principles and requirements of ESG (Environmental Social Governance). LEED\/GREEN TECHNOLOGIES It is a requirement these days that building facilities are built or have a minimum amount of technology built into them to ensure that they are GREEN. Leeswood is fully experienced in designing and constructing buildings and facilities that&hellip; Continue reading ESG","og_url":"https:\/\/leeswood.ca\/fr\/capabilities\/site-planning\/","og_site_name":"Leeswood Construction","article_publisher":"https:\/\/www.facebook.com\/LeeswoodConstruction\/","article_modified_time":"2022-04-14T15:00:31+00:00","og_image":[{"width":1200,"height":450,"url":"https:\/\/leeswood.ca\/wp-content\/uploads\/default_header_greylogo.jpg","type":"image\/jpeg"}],"twitter_card":"summary_large_image","twitter_misc":{"Estimation du temps de lecture":"2 minutes"},"schema":{"@context":"https:\/\/schema.org","@graph":[{"@type":"WebPage","@id":"https:\/\/leeswood.ca\/capabilities\/site-planning\/","url":"https:\/\/leeswood.ca\/capabilities\/site-planning\/","name":"ESG - Leeswood Construction","isPartOf":{"@id":"https:\/\/leeswood.ca\/fr\/#website"},"primaryImageOfPage":{"@id":"https:\/\/leeswood.ca\/capabilities\/site-planning\/#primaryimage"},"image":{"@id":"https:\/\/leeswood.ca\/capabilities\/site-planning\/#primaryimage"},"thumbnailUrl":"https:\/\/leeswood.ca\/wp-content\/uploads\/default_header_greylogo.jpg","datePublished":"2021-05-22T22:59:02+00:00","dateModified":"2022-04-14T15:00:31+00:00","breadcrumb":{"@id":"https:\/\/leeswood.ca\/capabilities\/site-planning\/#breadcrumb"},"inLanguage":"fr-CA","potentialAction":[{"@type":"ReadAction","target":["https:\/\/leeswood.ca\/capabilities\/site-planning\/"]}]},{"@type":"ImageObject","inLanguage":"fr-CA","@id":"https:\/\/leeswood.ca\/capabilities\/site-planning\/#primaryimage","url":"https:\/\/leeswood.ca\/wp-content\/uploads\/default_header_greylogo.jpg","contentUrl":"https:\/\/leeswood.ca\/wp-content\/uploads\/default_header_greylogo.jpg","width":1200,"height":450},{"@type":"BreadcrumbList","@id":"https:\/\/leeswood.ca\/capabilities\/site-planning\/#breadcrumb","itemListElement":[{"@type":"ListItem","position":1,"name":"Home","item":"https:\/\/leeswood.ca\/"},{"@type":"ListItem","position":2,"name":"Our Expertise","item":"https:\/\/leeswood.ca\/capabilities\/"},{"@type":"ListItem","position":3,"name":"ESG"}]},{"@type":"WebSite","@id":"https:\/\/leeswood.ca\/fr\/#website","url":"https:\/\/leeswood.ca\/fr\/","name":"Leeswood Construction","description":"Design \/ Build Specialists","potentialAction":[{"@type":"SearchAction","target":{"@type":"EntryPoint","urlTemplate":"https:\/\/leeswood.ca\/fr\/?s={search_term_string}"},"query-input":"required name=search_term_string"}],"inLanguage":"fr-CA"}]}},"_links":{"self":[{"href":"https:\/\/leeswood.ca\/fr\/wp-json\/wp\/v2\/pages\/112"}],"collection":[{"href":"https:\/\/leeswood.ca\/fr\/wp-json\/wp\/v2\/pages"}],"about":[{"href":"https:\/\/leeswood.ca\/fr\/wp-json\/wp\/v2\/types\/page"}],"author":[{"embeddable":true,"href":"https:\/\/leeswood.ca\/fr\/wp-json\/wp\/v2\/users\/1"}],"replies":[{"embeddable":true,"href":"https:\/\/leeswood.ca\/fr\/wp-json\/wp\/v2\/comments?post=112"}],"version-history":[{"count":55,"href":"https:\/\/leeswood.ca\/fr\/wp-json\/wp\/v2\/pages\/112\/revisions"}],"predecessor-version":[{"id":2914,"href":"https:\/\/leeswood.ca\/fr\/wp-json\/wp\/v2\/pages\/112\/revisions\/2914"}],"up":[{"embeddable":true,"href":"https:\/\/leeswood.ca\/fr\/wp-json\/wp\/v2\/pages\/104"}],"wp:featuredmedia":[{"embeddable":true,"href":"https:\/\/leeswood.ca\/fr\/wp-json\/wp\/v2\/media\/461"}],"wp:attachment":[{"href":"https:\/\/leeswood.ca\/fr\/wp-json\/wp\/v2\/media?parent=112"}],"curies":[{"name":"wp","href":"https:\/\/api.w.org\/{rel}","templated":true}]}}