
{"id":240,"date":"2021-05-27T01:13:28","date_gmt":"2021-05-27T05:13:28","guid":{"rendered":"http:\/\/leeswood.ca\/?page_id=240"},"modified":"2022-03-17T12:23:33","modified_gmt":"2022-03-17T16:23:33","slug":"about-us","status":"publish","type":"page","link":"https:\/\/leeswood.ca\/fr\/about-us\/","title":{"rendered":"<p>Survol de l'entreprise<\/p>"},"content":{"rendered":"<div data-elementor-type=\"wp-page\" data-elementor-id=\"240\" class=\"elementor elementor-240\">\n\t\t\t\t\t\t<section class=\"elementor-section elementor-top-section elementor-element elementor-element-5c860d12 elementor-section-boxed elementor-section-height-default elementor-section-height-default\" data-id=\"5c860d12\" data-element_type=\"section\">\n\t\t\t\t\t\t<div class=\"elementor-container elementor-column-gap-default\">\n\t\t\t\t\t<div class=\"elementor-column elementor-col-100 elementor-top-column elementor-element elementor-element-279d5ca0\" data-id=\"279d5ca0\" data-element_type=\"column\">\n\t\t\t<div class=\"elementor-widget-wrap elementor-element-populated\">\n\t\t\t\t\t\t<div class=\"elementor-element elementor-element-eb2114f elementor-widget elementor-widget-text-editor\" data-id=\"eb2114f\" data-element_type=\"widget\" data-widget_type=\"text-editor.default\">\n\t\t\t\t<div class=\"elementor-widget-container\">\n\t\t\t\t\t\t\t<p>Leeswood est une entreprise de construction\/conception-design qui existe depuis plus de 40 ans. Nous sommes r\u00e9put\u00e9s pour fournir des installations de haute qualit\u00e9 et livrer des projets r\u00e9ussis \u00e0 nos clients, dans le respect des d\u00e9lais et du budget.<\/p>\n<p>Nous continuons \u00e0 fournir les meilleurs services de qualit\u00e9 \u00e0 tous nos clients en gestion de la construction, conception-construction, contrat g\u00e9n\u00e9ral et am\u00e9liorations locatives.<\/p>\n<p>Notre \u00e9quipe d'experts s\u2019y conna\u00eet tr\u00e8s bien dans de nombreux domaines et contribue \u00e0 notre r\u00e9putation de \"100% satisfaction client\".<\/p>\n<p>Notre d\u00e9vouement envers nos clients et notre connaissance de l'industrie sont d\u2019ailleurs les raisons pour lesquelles notre entreprise continue de cro\u00eetre.<\/p>\t\t\t\t\t\t<\/div>\n\t\t\t\t<\/div>\n\t\t\t\t<div class=\"elementor-element elementor-element-ed4fe79 elementor-widget elementor-widget-text-editor\" data-id=\"ed4fe79\" data-element_type=\"widget\" data-widget_type=\"text-editor.default\">\n\t\t\t\t<div class=\"elementor-widget-container\">\n\t\t\t\t\t\t\t<h3>March\u00e9s Strat\u00e9giques<\/h3>\n<p>Notre \u00e9quipe d\u00e9tient toute l\u2019expertise n\u00e9cessaire et est capable de desservir de nombreux secteurs. Notre objectif est de nous assurer que les installations r\u00e9pondront et m\u00eame d\u00e9passeront vos attentes.<\/p>\t\t\t\t\t\t<\/div>\n\t\t\t\t<\/div>\n\t\t\t\t\t<\/div>\n\t\t<\/div>\n\t\t\t\t\t<\/div>\n\t\t<\/section>\n\t\t\t\t<section class=\"elementor-section elementor-top-section elementor-element elementor-element-f4bb47d elementor-section-boxed elementor-section-height-default elementor-section-height-default\" data-id=\"f4bb47d\" data-element_type=\"section\">\n\t\t\t\t\t\t<div class=\"elementor-container elementor-column-gap-default\">\n\t\t\t\t\t<div class=\"elementor-column elementor-col-50 elementor-top-column elementor-element elementor-element-2347364\" data-id=\"2347364\" data-element_type=\"column\">\n\t\t\t<div class=\"elementor-widget-wrap elementor-element-populated\">\n\t\t\t\t\t\t<div class=\"elementor-element elementor-element-4e5dfb3 elementor-widget elementor-widget-text-editor\" data-id=\"4e5dfb3\" data-element_type=\"widget\" data-widget_type=\"text-editor.default\">\n\t\t\t\t<div class=\"elementor-widget-container\">\n\t\t\t\t\t\t\t<ul><li>Bureaux<\/li><li>Entreposage et Distribution<\/li><li>Installations de Production (y compris l'industrie lourde)<\/li><li>\u00c9tablissements de Soins de Longue Dur\u00e9e<\/li><li>R\u00e9sidences Pour Retrait\u00e9s<\/li><li>Installations D\u2019Entreposage<\/li><li>Immeuble \u00e0 Locataires Multiples<\/li><\/ul>\t\t\t\t\t\t<\/div>\n\t\t\t\t<\/div>\n\t\t\t\t\t<\/div>\n\t\t<\/div>\n\t\t\t\t<div class=\"elementor-column elementor-col-50 elementor-top-column elementor-element elementor-element-e404f31\" data-id=\"e404f31\" data-element_type=\"column\">\n\t\t\t<div class=\"elementor-widget-wrap elementor-element-populated\">\n\t\t\t\t\t\t<div class=\"elementor-element elementor-element-4ca267c elementor-widget elementor-widget-text-editor\" data-id=\"4ca267c\" data-element_type=\"widget\" data-widget_type=\"text-editor.default\">\n\t\t\t\t<div class=\"elementor-widget-container\">\n\t\t\t\t\t\t\t<div>\n<ul style=\"padding-left: calc(2 * var(--global--spacing-horizontal)); font-family: var(--list--font-family);\">\n<li>Int\u00e9rieurs Corporatifs<\/li>\n<li>Installations Alimentaires et de Transformation<\/li>\n<li>Entreposage R\u00e9frig\u00e9r\u00e9<\/li>\n<li>Installations de Fabrication et de Pi\u00e8ces Automobiles<\/li>\n<li>Centres de Donn\u00e9es<\/li>\n<li>Commerces de D\u00e9tail<\/li>\n<\/ul>\n<\/div>\t\t\t\t\t\t<\/div>\n\t\t\t\t<\/div>\n\t\t\t\t\t<\/div>\n\t\t<\/div>\n\t\t\t\t\t<\/div>\n\t\t<\/section>\n\t\t\t\t<section class=\"elementor-section elementor-top-section elementor-element elementor-element-d13c1de elementor-section-boxed elementor-section-height-default elementor-section-height-default\" data-id=\"d13c1de\" data-element_type=\"section\">\n\t\t\t\t\t\t<div class=\"elementor-container elementor-column-gap-default\">\n\t\t\t\t\t<div class=\"elementor-column elementor-col-100 elementor-top-column elementor-element elementor-element-34dfc31\" data-id=\"34dfc31\" data-element_type=\"column\">\n\t\t\t<div class=\"elementor-widget-wrap elementor-element-populated\">\n\t\t\t\t\t\t<div class=\"elementor-element elementor-element-4ea03d5 elementor-widget elementor-widget-text-editor\" data-id=\"4ea03d5\" data-element_type=\"widget\" data-widget_type=\"text-editor.default\">\n\t\t\t\t<div class=\"elementor-widget-container\">\n\t\t\t\t\t\t\t<p>Nous pouvons vous aider \u00e0 fournir des budgets de construction afin de d\u00e9terminer les taux de location.<\/p><p>Nos services comprennent la fourniture de plans et de rendus de site, des plans d'espace et un budget pr\u00e9cis pour d\u00e9terminer si le projet correspond aux besoins d'un client.<\/p><p>Leeswood fournit un personnel exp\u00e9riment\u00e9 et les touts derniers syst\u00e8mes de \ngestion et de planification de projet pour g\u00e9rer le v\u00f4tre. Nous nous engageons \u00e0 garantir le respect des principes ESG (Criti\u00e8res environmenteaux, sociaux et de gouvernance), qui incluent les certifications LEED, WELL et \u00c9mission Net Z\u00e9ro.<\/p>\t\t\t\t\t\t<\/div>\n\t\t\t\t<\/div>\n\t\t\t\t\t<\/div>\n\t\t<\/div>\n\t\t\t\t\t<\/div>\n\t\t<\/section>\n\t\t\t\t<\/div>","protected":false},"excerpt":{"rendered":"<p>Leeswood is a construction\/design build firm that has been in existence for 40 + years. We have built a reputation for providing&nbsp;high quality&nbsp;facilities and delivering&nbsp;successful&nbsp;projects to our clients, on time and on budget. We continue to provide best in class&nbsp;services to all our clients in Construction Management Services, Design Build, General Contract and Tenant Improvement.&hellip; <a class=\"more-link\" href=\"https:\/\/leeswood.ca\/fr\/about-us\/\">Continue reading <span class=\"screen-reader-text\">Survol de l'entreprise<\/span><\/a><\/p>","protected":false},"author":1,"featured_media":193,"parent":0,"menu_order":1,"comment_status":"closed","ping_status":"closed","template":"","meta":{"footnotes":""},"yoast_head":"<!-- This site is optimized with the Yoast SEO plugin v22.8 - https:\/\/yoast.com\/wordpress\/plugins\/seo\/ -->\n<title>Corporate Overview - Leeswood Construction<\/title>\n<meta name=\"robots\" content=\"index, follow, max-snippet:-1, max-image-preview:large, max-video-preview:-1\" \/>\n<link rel=\"canonical\" href=\"https:\/\/leeswood.ca\/fr\/about-us\/\" \/>\n<meta property=\"og:locale\" content=\"fr_CA\" \/>\n<meta property=\"og:type\" content=\"article\" \/>\n<meta property=\"og:title\" content=\"Corporate Overview - Leeswood Construction\" \/>\n<meta property=\"og:description\" content=\"Leeswood is a construction\/design build firm that has been in existence for 40 + years. We have built a reputation for providing\u00a0high quality\u00a0facilities and delivering\u00a0successful\u00a0projects to our clients, on time and on budget. We continue to provide best in class\u00a0services to all our clients in Construction Management Services, Design Build, General Contract and Tenant Improvement.&hellip; Continue reading Corporate Overview\" \/>\n<meta property=\"og:url\" content=\"https:\/\/leeswood.ca\/fr\/about-us\/\" \/>\n<meta property=\"og:site_name\" content=\"Leeswood Construction\" \/>\n<meta property=\"article:publisher\" content=\"https:\/\/www.facebook.com\/LeeswoodConstruction\/\" \/>\n<meta property=\"article:modified_time\" content=\"2022-03-17T16:23:33+00:00\" \/>\n<meta property=\"og:image\" content=\"https:\/\/leeswood.ca\/wp-content\/uploads\/footer_bg_queensway.jpg\" \/>\n\t<meta property=\"og:image:width\" content=\"1200\" \/>\n\t<meta property=\"og:image:height\" content=\"454\" \/>\n\t<meta property=\"og:image:type\" content=\"image\/jpeg\" \/>\n<meta name=\"twitter:card\" content=\"summary_large_image\" \/>\n<meta name=\"twitter:label1\" content=\"Estimation du temps de lecture\" \/>\n\t<meta name=\"twitter:data1\" content=\"3 minutes\" \/>\n<script type=\"application\/ld+json\" class=\"yoast-schema-graph\">{\"@context\":\"https:\/\/schema.org\",\"@graph\":[{\"@type\":\"WebPage\",\"@id\":\"https:\/\/leeswood.ca\/about-us\/\",\"url\":\"https:\/\/leeswood.ca\/about-us\/\",\"name\":\"Corporate Overview - Leeswood Construction\",\"isPartOf\":{\"@id\":\"https:\/\/leeswood.ca\/fr\/#website\"},\"primaryImageOfPage\":{\"@id\":\"https:\/\/leeswood.ca\/about-us\/#primaryimage\"},\"image\":{\"@id\":\"https:\/\/leeswood.ca\/about-us\/#primaryimage\"},\"thumbnailUrl\":\"https:\/\/leeswood.ca\/wp-content\/uploads\/footer_bg_queensway.jpg\",\"datePublished\":\"2021-05-27T05:13:28+00:00\",\"dateModified\":\"2022-03-17T16:23:33+00:00\",\"breadcrumb\":{\"@id\":\"https:\/\/leeswood.ca\/about-us\/#breadcrumb\"},\"inLanguage\":\"fr-CA\",\"potentialAction\":[{\"@type\":\"ReadAction\",\"target\":[\"https:\/\/leeswood.ca\/about-us\/\"]}]},{\"@type\":\"ImageObject\",\"inLanguage\":\"fr-CA\",\"@id\":\"https:\/\/leeswood.ca\/about-us\/#primaryimage\",\"url\":\"https:\/\/leeswood.ca\/wp-content\/uploads\/footer_bg_queensway.jpg\",\"contentUrl\":\"https:\/\/leeswood.ca\/wp-content\/uploads\/footer_bg_queensway.jpg\",\"width\":1200,\"height\":454},{\"@type\":\"BreadcrumbList\",\"@id\":\"https:\/\/leeswood.ca\/about-us\/#breadcrumb\",\"itemListElement\":[{\"@type\":\"ListItem\",\"position\":1,\"name\":\"Home\",\"item\":\"https:\/\/leeswood.ca\/\"},{\"@type\":\"ListItem\",\"position\":2,\"name\":\"Corporate Overview\"}]},{\"@type\":\"WebSite\",\"@id\":\"https:\/\/leeswood.ca\/fr\/#website\",\"url\":\"https:\/\/leeswood.ca\/fr\/\",\"name\":\"Leeswood Construction\",\"description\":\"Design \/ Build Specialists\",\"potentialAction\":[{\"@type\":\"SearchAction\",\"target\":{\"@type\":\"EntryPoint\",\"urlTemplate\":\"https:\/\/leeswood.ca\/fr\/?s={search_term_string}\"},\"query-input\":\"required name=search_term_string\"}],\"inLanguage\":\"fr-CA\"}]}<\/script>\n<!-- \/ Yoast SEO plugin. -->","yoast_head_json":{"title":"Corporate Overview - Leeswood Construction","robots":{"index":"index","follow":"follow","max-snippet":"max-snippet:-1","max-image-preview":"max-image-preview:large","max-video-preview":"max-video-preview:-1"},"canonical":"https:\/\/leeswood.ca\/fr\/about-us\/","og_locale":"fr_CA","og_type":"article","og_title":"Corporate Overview - Leeswood Construction","og_description":"Leeswood is a construction\/design build firm that has been in existence for 40 + years. We have built a reputation for providing\u00a0high quality\u00a0facilities and delivering\u00a0successful\u00a0projects to our clients, on time and on budget. We continue to provide best in class\u00a0services to all our clients in Construction Management Services, Design Build, General Contract and Tenant Improvement.&hellip; Continue reading Corporate Overview","og_url":"https:\/\/leeswood.ca\/fr\/about-us\/","og_site_name":"Leeswood Construction","article_publisher":"https:\/\/www.facebook.com\/LeeswoodConstruction\/","article_modified_time":"2022-03-17T16:23:33+00:00","og_image":[{"width":1200,"height":454,"url":"https:\/\/leeswood.ca\/wp-content\/uploads\/footer_bg_queensway.jpg","type":"image\/jpeg"}],"twitter_card":"summary_large_image","twitter_misc":{"Estimation du temps de lecture":"3 minutes"},"schema":{"@context":"https:\/\/schema.org","@graph":[{"@type":"WebPage","@id":"https:\/\/leeswood.ca\/about-us\/","url":"https:\/\/leeswood.ca\/about-us\/","name":"Corporate Overview - Leeswood Construction","isPartOf":{"@id":"https:\/\/leeswood.ca\/fr\/#website"},"primaryImageOfPage":{"@id":"https:\/\/leeswood.ca\/about-us\/#primaryimage"},"image":{"@id":"https:\/\/leeswood.ca\/about-us\/#primaryimage"},"thumbnailUrl":"https:\/\/leeswood.ca\/wp-content\/uploads\/footer_bg_queensway.jpg","datePublished":"2021-05-27T05:13:28+00:00","dateModified":"2022-03-17T16:23:33+00:00","breadcrumb":{"@id":"https:\/\/leeswood.ca\/about-us\/#breadcrumb"},"inLanguage":"fr-CA","potentialAction":[{"@type":"ReadAction","target":["https:\/\/leeswood.ca\/about-us\/"]}]},{"@type":"ImageObject","inLanguage":"fr-CA","@id":"https:\/\/leeswood.ca\/about-us\/#primaryimage","url":"https:\/\/leeswood.ca\/wp-content\/uploads\/footer_bg_queensway.jpg","contentUrl":"https:\/\/leeswood.ca\/wp-content\/uploads\/footer_bg_queensway.jpg","width":1200,"height":454},{"@type":"BreadcrumbList","@id":"https:\/\/leeswood.ca\/about-us\/#breadcrumb","itemListElement":[{"@type":"ListItem","position":1,"name":"Home","item":"https:\/\/leeswood.ca\/"},{"@type":"ListItem","position":2,"name":"Corporate Overview"}]},{"@type":"WebSite","@id":"https:\/\/leeswood.ca\/fr\/#website","url":"https:\/\/leeswood.ca\/fr\/","name":"Leeswood Construction","description":"Design \/ Build Specialists","potentialAction":[{"@type":"SearchAction","target":{"@type":"EntryPoint","urlTemplate":"https:\/\/leeswood.ca\/fr\/?s={search_term_string}"},"query-input":"required name=search_term_string"}],"inLanguage":"fr-CA"}]}},"_links":{"self":[{"href":"https:\/\/leeswood.ca\/fr\/wp-json\/wp\/v2\/pages\/240"}],"collection":[{"href":"https:\/\/leeswood.ca\/fr\/wp-json\/wp\/v2\/pages"}],"about":[{"href":"https:\/\/leeswood.ca\/fr\/wp-json\/wp\/v2\/types\/page"}],"author":[{"embeddable":true,"href":"https:\/\/leeswood.ca\/fr\/wp-json\/wp\/v2\/users\/1"}],"replies":[{"embeddable":true,"href":"https:\/\/leeswood.ca\/fr\/wp-json\/wp\/v2\/comments?post=240"}],"version-history":[{"count":24,"href":"https:\/\/leeswood.ca\/fr\/wp-json\/wp\/v2\/pages\/240\/revisions"}],"predecessor-version":[{"id":2759,"href":"https:\/\/leeswood.ca\/fr\/wp-json\/wp\/v2\/pages\/240\/revisions\/2759"}],"wp:featuredmedia":[{"embeddable":true,"href":"https:\/\/leeswood.ca\/fr\/wp-json\/wp\/v2\/media\/193"}],"wp:attachment":[{"href":"https:\/\/leeswood.ca\/fr\/wp-json\/wp\/v2\/media?parent=240"}],"curies":[{"name":"wp","href":"https:\/\/api.w.org\/{rel}","templated":true}]}}