
{"id":2603,"date":"2022-03-16T11:25:18","date_gmt":"2022-03-16T15:25:18","guid":{"rendered":"http:\/\/leeswood.ca\/?page_id=2603"},"modified":"2022-04-25T13:41:04","modified_gmt":"2022-04-25T17:41:04","slug":"privacy-policy","status":"publish","type":"page","link":"https:\/\/leeswood.ca\/fr\/privacy-policy\/","title":{"rendered":"<p>Politique de Confidentialit\u00e9<\/p>"},"content":{"rendered":"<div data-elementor-type=\"wp-page\" data-elementor-id=\"2603\" class=\"elementor elementor-2603\">\n\t\t\t\t\t\t<section class=\"elementor-section elementor-top-section elementor-element elementor-element-bca8e38 elementor-section-boxed elementor-section-height-default elementor-section-height-default\" data-id=\"bca8e38\" data-element_type=\"section\">\n\t\t\t\t\t\t<div class=\"elementor-container elementor-column-gap-default\">\n\t\t\t\t\t<div class=\"elementor-column elementor-col-100 elementor-top-column elementor-element elementor-element-2b7862c\" data-id=\"2b7862c\" data-element_type=\"column\">\n\t\t\t<div class=\"elementor-widget-wrap elementor-element-populated\">\n\t\t\t\t\t\t<div class=\"elementor-element elementor-element-4d408fb elementor-widget elementor-widget-text-editor\" data-id=\"4d408fb\" data-element_type=\"widget\" data-widget_type=\"text-editor.default\">\n\t\t\t\t<div class=\"elementor-widget-container\">\n\t\t\t\t\t\t\t<h4>Politique de Confidentialit\u00e9 de Leeswood Construction<\/h4><p>Cette politique de confidentialit\u00e9 r\u00e9git la mani\u00e8re dont Leeswood Construction recueille, utilise, conserve et divulgue les informations recueillies aupr\u00e8s des utilisateurs (chacun, un \u00ab Utilisateur \u00bb)&nbsp;<a href=\"http:\/\/leeswood.ca\/privacy-policy\/www.leeswood.ca\">www.leeswood.ca<\/a>&nbsp;du site Web (\u00ab Site \u00bb). Cette politique de confidentialit\u00e9 s'applique au site et \u00e0 tous les produits et services offerts par Leeswood Construction.<\/p><p><b>Informations d'Identification Personnelle<\/b><br>Nous pouvons collecter des informations d'identification personnelle aupr\u00e8s des utilisateurs de diverses mani\u00e8res, y compris, mais sans s'y limiter, lorsque les utilisateurs visitent notre site, s'inscrivent sur le site, s'abonnent \u00e0 l\u2019infolettre, r\u00e9pondent \u00e0 une enqu\u00eate, remplissent un formulaire et en relation avec d'autres activit\u00e9s, services, fonctionnalit\u00e9s ou ressources que nous rendons disponibles sur notre site. Il pourra \u00eatre demand\u00e9 aux utilisateurs, selon le cas, nom, adresse courriel, adresse postale, num\u00e9ro de t\u00e9l\u00e9phone. Les utilisateurs peuvent cependant visiter notre site de fa\u00e7on anonyme. Nous ne collecterons les informations d'identification personnelle des utilisateurs que s'ils nous soumettent volontairement ces informations. Les utilisateurs peuvent toujours refuser de fournir des informations d'identification personnelle, sauf que cela peut les emp\u00eacher de s'engager dans certaines activit\u00e9s li\u00e9es au site.<\/p><p><b>Informations d'Identification Non Personnelles<\/b><br>Nous pouvons collecter des informations d'identification non personnelles sur les utilisateurs chaque fois qu'ils interagissent avec notre site. Les informations d'identification non personnelles peuvent inclure le nom du navigateur, le type d'ordinateur et des informations techniques sur les moyens de connexion des utilisateurs \u00e0 notre site, tels que le syst\u00e8me d'exploitation et les fournisseurs de services Internet utilis\u00e9s et d'autres informations similaires.<\/p><p><b>Cookies du Navigateur Web<\/b><br>Notre site peut utiliser des \u00ab cookies \u00bb pour am\u00e9liorer l'exp\u00e9rience utilisateur. Le navigateur Web de l'utilisateur place des cookies sur son disque dur \u00e0 des fins d'enregistrement et parfois pour suivre les informations les concernant. L'utilisateur peut choisir de configurer son navigateur Web pour refuser les cookies ou pour vous alerter lorsque des cookies sont envoy\u00e9s. S'ils le font, notez que certaines parties du site peuvent ne pas fonctionner correctement.<\/p><p><b>Comment Nous Utilisons les Informations Collect\u00e9es<\/b><br>Leeswood Construction peut collecter et utiliser les informations personnelles des utilisateurs aux fins suivantes:<\/p><ul><li><i>Pour am\u00e9liorer le service client<\/i><br>Les informations que vous fournissez nous aident \u00e0 r\u00e9pondre plus efficacement \u00e0 vos demandes de service client et \u00e0 vos besoins d'assistance.<\/li><li><i>Pour personnaliser l'exp\u00e9rience utilisateur<\/i><br>Nous pouvons utiliser les informations dans leur ensemble pour comprendre comment nos utilisateurs en tant que groupe utilisent les services et les ressources fournis sur notre site.<\/li><li><i>Pour am\u00e9liorer notre site<\/i><br>Nous pouvons utiliser les commentaires que vous fournissez pour am\u00e9liorer nos produits et services.<\/li><li><i>Pour organiser une promotion, un concours, une enqu\u00eate ou d'autres fonctionnalit\u00e9s du site<\/i><br>Pour envoyer aux utilisateurs des informations qu'ils ont accept\u00e9 de recevoir sur des sujets que nous pensons susceptibles de les int\u00e9resser.<\/li><li><i>Pour envoyer des courriels p\u00e9riodiques<\/i><br>Nous pouvons utiliser l'adresse courriel pour r\u00e9pondre \u00e0 leurs demandes, questions et\/ou autres demandes. Si l'utilisateur d\u00e9cide de s'inscrire \u00e0 notre liste de diffusion, il recevra des courriels pouvant inclure des nouvelles de l'entreprise, des mises \u00e0 jour, des informations sur les produits ou services connexes, etc. Si l\u2019utilisateur souhaite se retirer de la liste d\u2019envoi, nous fournissons les instructions de d\u00e9sabonnement au bas de chaque courriel ou l'utilisateur peut nous contacter par courriel.<\/li><\/ul><p><b>Comment Nous Prot\u00e9geons Vos Informations<\/b><br>Nous adoptons des pratiques appropri\u00e9es de collecte, de stockage et de traitement des donn\u00e9es et des mesures de s\u00e9curit\u00e9 pour vous prot\u00e9ger contre l'acc\u00e8s non autoris\u00e9, l'alt\u00e9ration, la divulgation ou la destruction de vos informations personnelles, nom d'utilisateur, mot de passe, informations de transaction et donn\u00e9es stock\u00e9es sur notre site.<\/p><p><b>Partage de Vos Informations Personnelles<\/b><br>Nous ne vendons, n'\u00e9changeons ni ne louons les informations d'identification personnelle des utilisateurs \u00e0 des tiers. Nous pouvons partager des informations d\u00e9mographiques agr\u00e9g\u00e9es g\u00e9n\u00e9riques non li\u00e9es \u00e0 des informations d'identification personnelle concernant les visiteurs et les utilisateurs avec nos partenaires commerciaux, nos affili\u00e9s de confiance et nos annonceurs aux fins d\u00e9crites ci-dessus. Nous pouvons faire appel \u00e0 des prestataires de services tiers pour nous aider \u00e0 exploiter notre entreprise et le site ou administrer des activit\u00e9s en notre nom, telles que l'envoi d\u2018infolettres ou de sondages. Nous pouvons partager vos informations avec ces tiers \u00e0 ces fins limit\u00e9es \u00e0 condition que vous nous ayez donn\u00e9 votre permission.<\/p><p><b>Sites Web Tiers<\/b><br>Les utilisateurs peuvent trouver des publicit\u00e9s ou d'autres contenus sur notre site qui renvoient aux sites et services de nos partenaires, fournisseurs, annonceurs, commanditaire, conc\u00e9dants de licence et autres tiers. Nous ne contr\u00f4lons pas le contenu ou les liens qui apparaissent sur ces sites et ne sommes pas responsables des pratiques employ\u00e9es par les sites Web li\u00e9s \u00e0 ou \u00e0 partir de notre site. De plus, ces sites ou services, y compris leur contenu et leurs liens, peuvent \u00eatre en constante \u00e9volution. Ces sites et services peuvent avoir leurs propres politiques de confidentialit\u00e9 et politiques de service client. La navigation et l'interaction sur tout autre site Web, y compris les sites Web qui ont un lien vers notre site, sont soumises aux propres conditions et politiques de ce site Web.<\/p><p><b>Modifications de Cette Politique de Confidentialit\u00e9<\/b><br>Leeswood Construction a le pouvoir discr\u00e9tionnaire de mettre \u00e0 jour cette politique de confidentialit\u00e9 \u00e0 tout moment. Lorsque nous le ferons, nous r\u00e9viserons la date de mise \u00e0 jour au bas de cette page. Nous encourageons les utilisateurs \u00e0 consulter fr\u00e9quemment cette page pour tout changement afin de rester inform\u00e9s de la mani\u00e8re dont nous aidons \u00e0 prot\u00e9ger les informations personnelles que nous collectons. Vous reconnaissez et acceptez qu'il est de votre responsabilit\u00e9 de revoir p\u00e9riodiquement cette politique de confidentialit\u00e9 et de prendre connaissance des modifications.<\/p><p><b>Votre Acceptation de Ces Conditions<\/b><br>En utilisant ce site, vous signifiez votre acceptation de cette politique et des conditions d'utilisation. Si vous n'acceptez pas cette politique, veuillez ne pas utiliser notre site. Votre utilisation continue du site apr\u00e8s la publication des modifications apport\u00e9es \u00e0 cette politique sera consid\u00e9r\u00e9e comme votre acceptation de ces modifications.<\/p><p><b>Nous Contacter<\/b><br>Si vous avez des questions concernant cette politique de confidentialit\u00e9, les pratiques de ce site ou vos relations avec ce site, veuillez nous contacter \u00e0:<\/p><p>Leeswood Construction<br>7200, Avenue Cr\u00e9dit Ouest<br>Mississauga, ON<br>L5N 5N1<\/p><p>T\u00e9l\u00e9phone: (416) 309-4482<br>Courriel: info@leeswood.ca<\/p>\t\t\t\t\t\t<\/div>\n\t\t\t\t<\/div>\n\t\t\t\t\t<\/div>\n\t\t<\/div>\n\t\t\t\t\t<\/div>\n\t\t<\/section>\n\t\t\t\t<\/div>","protected":false},"excerpt":{"rendered":"<p>Leeswood Construction Privacy Policy This Privacy Policy governs the manner in which Leeswood Construction collects, uses, maintains and discloses information collected from users (each, a ?User?) of the&nbsp;www.leeswood.ca&nbsp;website (?Site?). This privacy policy applies to the site and all products and services offered by Leeswood Construction. Personal Identification InformationWe may collect personal identification information from users&hellip; <a class=\"more-link\" href=\"https:\/\/leeswood.ca\/fr\/privacy-policy\/\">Continue reading <span class=\"screen-reader-text\">Politique de Confidentialit\u00e9<\/span><\/a><\/p>","protected":false},"author":2,"featured_media":0,"parent":0,"menu_order":0,"comment_status":"closed","ping_status":"closed","template":"","meta":{"footnotes":""},"yoast_head":"<!-- This site is optimized with the Yoast SEO plugin v22.8 - https:\/\/yoast.com\/wordpress\/plugins\/seo\/ -->\n<title>Privacy Policy - Leeswood Construction<\/title>\n<meta name=\"robots\" content=\"index, follow, max-snippet:-1, max-image-preview:large, max-video-preview:-1\" \/>\n<link rel=\"canonical\" href=\"https:\/\/leeswood.ca\/fr\/privacy-policy\/\" \/>\n<meta property=\"og:locale\" content=\"fr_CA\" \/>\n<meta property=\"og:type\" content=\"article\" \/>\n<meta property=\"og:title\" content=\"Privacy Policy - Leeswood Construction\" \/>\n<meta property=\"og:description\" content=\"Leeswood Construction Privacy Policy This Privacy Policy governs the manner in which Leeswood Construction collects, uses, maintains and discloses information collected from users (each, a \u201cUser\u201d) of the\u00a0www.leeswood.ca\u00a0website (\u201cSite\u201d). This privacy policy applies to the site and all products and services offered by Leeswood Construction. Personal Identification InformationWe may collect personal identification information from users&hellip; Continue reading Privacy Policy\" \/>\n<meta property=\"og:url\" content=\"https:\/\/leeswood.ca\/fr\/privacy-policy\/\" \/>\n<meta property=\"og:site_name\" content=\"Leeswood Construction\" \/>\n<meta property=\"article:publisher\" content=\"https:\/\/www.facebook.com\/LeeswoodConstruction\/\" \/>\n<meta property=\"article:modified_time\" content=\"2022-04-25T17:41:04+00:00\" \/>\n<meta name=\"twitter:card\" content=\"summary_large_image\" \/>\n<meta name=\"twitter:label1\" content=\"Estimation du temps de lecture\" \/>\n\t<meta name=\"twitter:data1\" content=\"4 minutes\" \/>\n<script type=\"application\/ld+json\" class=\"yoast-schema-graph\">{\"@context\":\"https:\/\/schema.org\",\"@graph\":[{\"@type\":\"WebPage\",\"@id\":\"https:\/\/leeswood.ca\/privacy-policy\/\",\"url\":\"https:\/\/leeswood.ca\/privacy-policy\/\",\"name\":\"Privacy Policy - Leeswood Construction\",\"isPartOf\":{\"@id\":\"https:\/\/leeswood.ca\/fr\/#website\"},\"datePublished\":\"2022-03-16T15:25:18+00:00\",\"dateModified\":\"2022-04-25T17:41:04+00:00\",\"breadcrumb\":{\"@id\":\"https:\/\/leeswood.ca\/privacy-policy\/#breadcrumb\"},\"inLanguage\":\"fr-CA\",\"potentialAction\":[{\"@type\":\"ReadAction\",\"target\":[\"https:\/\/leeswood.ca\/privacy-policy\/\"]}]},{\"@type\":\"BreadcrumbList\",\"@id\":\"https:\/\/leeswood.ca\/privacy-policy\/#breadcrumb\",\"itemListElement\":[{\"@type\":\"ListItem\",\"position\":1,\"name\":\"Home\",\"item\":\"https:\/\/leeswood.ca\/\"},{\"@type\":\"ListItem\",\"position\":2,\"name\":\"Privacy Policy\"}]},{\"@type\":\"WebSite\",\"@id\":\"https:\/\/leeswood.ca\/fr\/#website\",\"url\":\"https:\/\/leeswood.ca\/fr\/\",\"name\":\"Leeswood Construction\",\"description\":\"Design \/ Build Specialists\",\"potentialAction\":[{\"@type\":\"SearchAction\",\"target\":{\"@type\":\"EntryPoint\",\"urlTemplate\":\"https:\/\/leeswood.ca\/fr\/?s={search_term_string}\"},\"query-input\":\"required name=search_term_string\"}],\"inLanguage\":\"fr-CA\"}]}<\/script>\n<!-- \/ Yoast SEO plugin. -->","yoast_head_json":{"title":"Privacy Policy - Leeswood Construction","robots":{"index":"index","follow":"follow","max-snippet":"max-snippet:-1","max-image-preview":"max-image-preview:large","max-video-preview":"max-video-preview:-1"},"canonical":"https:\/\/leeswood.ca\/fr\/privacy-policy\/","og_locale":"fr_CA","og_type":"article","og_title":"Privacy Policy - Leeswood Construction","og_description":"Leeswood Construction Privacy Policy This Privacy Policy governs the manner in which Leeswood Construction collects, uses, maintains and discloses information collected from users (each, a \u201cUser\u201d) of the\u00a0www.leeswood.ca\u00a0website (\u201cSite\u201d). This privacy policy applies to the site and all products and services offered by Leeswood Construction. Personal Identification InformationWe may collect personal identification information from users&hellip; Continue reading Privacy Policy","og_url":"https:\/\/leeswood.ca\/fr\/privacy-policy\/","og_site_name":"Leeswood Construction","article_publisher":"https:\/\/www.facebook.com\/LeeswoodConstruction\/","article_modified_time":"2022-04-25T17:41:04+00:00","twitter_card":"summary_large_image","twitter_misc":{"Estimation du temps de lecture":"4 minutes"},"schema":{"@context":"https:\/\/schema.org","@graph":[{"@type":"WebPage","@id":"https:\/\/leeswood.ca\/privacy-policy\/","url":"https:\/\/leeswood.ca\/privacy-policy\/","name":"Privacy Policy - Leeswood Construction","isPartOf":{"@id":"https:\/\/leeswood.ca\/fr\/#website"},"datePublished":"2022-03-16T15:25:18+00:00","dateModified":"2022-04-25T17:41:04+00:00","breadcrumb":{"@id":"https:\/\/leeswood.ca\/privacy-policy\/#breadcrumb"},"inLanguage":"fr-CA","potentialAction":[{"@type":"ReadAction","target":["https:\/\/leeswood.ca\/privacy-policy\/"]}]},{"@type":"BreadcrumbList","@id":"https:\/\/leeswood.ca\/privacy-policy\/#breadcrumb","itemListElement":[{"@type":"ListItem","position":1,"name":"Home","item":"https:\/\/leeswood.ca\/"},{"@type":"ListItem","position":2,"name":"Privacy Policy"}]},{"@type":"WebSite","@id":"https:\/\/leeswood.ca\/fr\/#website","url":"https:\/\/leeswood.ca\/fr\/","name":"Leeswood Construction","description":"Design \/ Build Specialists","potentialAction":[{"@type":"SearchAction","target":{"@type":"EntryPoint","urlTemplate":"https:\/\/leeswood.ca\/fr\/?s={search_term_string}"},"query-input":"required name=search_term_string"}],"inLanguage":"fr-CA"}]}},"_links":{"self":[{"href":"https:\/\/leeswood.ca\/fr\/wp-json\/wp\/v2\/pages\/2603"}],"collection":[{"href":"https:\/\/leeswood.ca\/fr\/wp-json\/wp\/v2\/pages"}],"about":[{"href":"https:\/\/leeswood.ca\/fr\/wp-json\/wp\/v2\/types\/page"}],"author":[{"embeddable":true,"href":"https:\/\/leeswood.ca\/fr\/wp-json\/wp\/v2\/users\/2"}],"replies":[{"embeddable":true,"href":"https:\/\/leeswood.ca\/fr\/wp-json\/wp\/v2\/comments?post=2603"}],"version-history":[{"count":25,"href":"https:\/\/leeswood.ca\/fr\/wp-json\/wp\/v2\/pages\/2603\/revisions"}],"predecessor-version":[{"id":3123,"href":"https:\/\/leeswood.ca\/fr\/wp-json\/wp\/v2\/pages\/2603\/revisions\/3123"}],"wp:attachment":[{"href":"https:\/\/leeswood.ca\/fr\/wp-json\/wp\/v2\/media?parent=2603"}],"curies":[{"name":"wp","href":"https:\/\/api.w.org\/{rel}","templated":true}]}}