
{"id":808,"date":"2021-06-19T01:33:35","date_gmt":"2021-06-19T05:33:35","guid":{"rendered":"http:\/\/leeswood.ca\/?page_id=808"},"modified":"2022-03-17T12:29:24","modified_gmt":"2022-03-17T16:29:24","slug":"health-safety","status":"publish","type":"page","link":"https:\/\/leeswood.ca\/fr\/about-us\/health-safety\/","title":{"rendered":"<p>Sant\u00e9 et S\u00e9curit\u00e9<\/p>"},"content":{"rendered":"<div data-elementor-type=\"wp-page\" data-elementor-id=\"808\" class=\"elementor elementor-808\">\n\t\t\t\t\t\t<section class=\"elementor-section elementor-top-section elementor-element elementor-element-ddd2979 elementor-section-boxed elementor-section-height-default elementor-section-height-default\" data-id=\"ddd2979\" data-element_type=\"section\">\n\t\t\t\t\t\t<div class=\"elementor-container elementor-column-gap-default\">\n\t\t\t\t\t<div class=\"elementor-column elementor-col-100 elementor-top-column elementor-element elementor-element-6405fd3\" data-id=\"6405fd3\" data-element_type=\"column\">\n\t\t\t<div class=\"elementor-widget-wrap elementor-element-populated\">\n\t\t\t\t\t\t<div class=\"elementor-element elementor-element-f3145e9 elementor-widget elementor-widget-text-editor\" data-id=\"f3145e9\" data-element_type=\"widget\" data-widget_type=\"text-editor.default\">\n\t\t\t\t<div class=\"elementor-widget-container\">\n\t\t\t\t\t\t\t<p>Leeswood Construction accorde la plus haute importance \u00e0 la sant\u00e9, \u00e0 la s\u00e9curit\u00e9 et au bien-\u00eatre de nos employ\u00e9s et des autres personnes susceptibles d'\u00eatre affect\u00e9es par notre travail. Il est de notre responsabilit\u00e9 de cr\u00e9er et de maintenir un environnement de travail s\u00e9curitaire et sain. Nous avons d\u00e9velopp\u00e9 un programme de sant\u00e9 et de s\u00e9curit\u00e9 pour promouvoir la s\u00e9curit\u00e9 au travail et contr\u00f4ler les conditions de travail \u00e0 risques. Le programme de sant\u00e9 et de s\u00e9curit\u00e9 promeut une formation sp\u00e9cifique en mati\u00e8re de sant\u00e9 et de s\u00e9curit\u00e9 pour tous les employ\u00e9s et est con\u00e7u pour surveiller la conformit\u00e9 du lieu de travail aux exigences l\u00e9gislatives et atteindre les meilleures pratiques d'exploitation \u00e0 tout moment.<\/p><p>Le succ\u00e8s de notre organisation d\u00e9pend de notre r\u00e9putation \u00e0 fournir un produit et un service de qualit\u00e9 de mani\u00e8re s\u00fbre et opportune. La sant\u00e9 et la s\u00e9curit\u00e9 doivent \u00eatre int\u00e9gr\u00e9es \u00e0 toutes les facettes de nos op\u00e9rations.<\/p><p>Gr\u00e2ce \u00e0 des lignes de communication ouvertes, des discussions objectives et une coop\u00e9ration entre les travailleurs, les surintendants du site, la direction, le repr\u00e9sentant de la sant\u00e9 et de la s\u00e9curit\u00e9 et d'autres parties externes, nos objectifs d'un lieu de travail exempt de dangers, de blessures et de maladies peuvent \u00eatre et seront atteints<\/p><p>Notre bureau en Alberta est certifi\u00e9 COR. Nous travaillons en vue de l\u2019obtention de la certification COR pour tout le Canada.<\/p><p><img fetchpriority=\"high\" decoding=\"async\" class=\"size-medium wp-image-2245 aligncenter\" src=\"http:\/\/leeswood.ca\/wp-content\/uploads\/COR-Alberta-228x300.jpg\" alt=\"\" width=\"228\" height=\"300\" srcset=\"https:\/\/leeswood.ca\/wp-content\/uploads\/COR-Alberta-228x300.jpg 228w, https:\/\/leeswood.ca\/wp-content\/uploads\/COR-Alberta-9x12.jpg 9w, https:\/\/leeswood.ca\/wp-content\/uploads\/COR-Alberta.jpg 569w\" sizes=\"(max-width: 228px) 100vw, 228px\"><\/p>\t\t\t\t\t\t<\/div>\n\t\t\t\t<\/div>\n\t\t\t\t\t<\/div>\n\t\t<\/div>\n\t\t\t\t\t<\/div>\n\t\t<\/section>\n\t\t\t\t<\/div>","protected":false},"excerpt":{"rendered":"<p>Leeswood Construction recognizes the utmost importance on the health, safety and well-being of our employees and others who may be affected by our work.&nbsp; It is our responsibility to achieve and maintain a safe and healthy working environment. We have developed a Health &amp; Safety Program to promote workplace safety and control unsafe working conditions.&hellip; <a class=\"more-link\" href=\"https:\/\/leeswood.ca\/fr\/about-us\/health-safety\/\">Continue reading <span class=\"screen-reader-text\">Sant\u00e9 et S\u00e9curit\u00e9<\/span><\/a><\/p>","protected":false},"author":1,"featured_media":0,"parent":240,"menu_order":3,"comment_status":"closed","ping_status":"closed","template":"","meta":{"footnotes":""},"yoast_head":"<!-- This site is optimized with the Yoast SEO plugin v22.8 - https:\/\/yoast.com\/wordpress\/plugins\/seo\/ -->\n<title>Health &amp; Safety - Leeswood Construction<\/title>\n<meta name=\"robots\" content=\"index, follow, max-snippet:-1, max-image-preview:large, max-video-preview:-1\" \/>\n<link rel=\"canonical\" href=\"https:\/\/leeswood.ca\/fr\/about-us\/health-safety\/\" \/>\n<meta property=\"og:locale\" content=\"fr_CA\" \/>\n<meta property=\"og:type\" content=\"article\" \/>\n<meta property=\"og:title\" content=\"Health &amp; Safety - Leeswood Construction\" \/>\n<meta property=\"og:description\" content=\"Leeswood Construction recognizes the utmost importance on the health, safety and well-being of our employees and others who may be affected by our work.\u00a0 It is our responsibility to achieve and maintain a safe and healthy working environment. We have developed a Health &amp; Safety Program to promote workplace safety and control unsafe working conditions.&hellip; Continue reading Health &#038; Safety\" \/>\n<meta property=\"og:url\" content=\"https:\/\/leeswood.ca\/fr\/about-us\/health-safety\/\" \/>\n<meta property=\"og:site_name\" content=\"Leeswood Construction\" \/>\n<meta property=\"article:publisher\" content=\"https:\/\/www.facebook.com\/LeeswoodConstruction\/\" \/>\n<meta property=\"article:modified_time\" content=\"2022-03-17T16:29:24+00:00\" \/>\n<meta property=\"og:image\" content=\"http:\/\/leeswood.ca\/wp-content\/uploads\/COR-Alberta-228x300.jpg\" \/>\n<meta name=\"twitter:card\" content=\"summary_large_image\" \/>\n<meta name=\"twitter:label1\" content=\"Estimation du temps de lecture\" \/>\n\t<meta name=\"twitter:data1\" content=\"1 minute\" \/>\n<script type=\"application\/ld+json\" class=\"yoast-schema-graph\">{\"@context\":\"https:\/\/schema.org\",\"@graph\":[{\"@type\":\"WebPage\",\"@id\":\"https:\/\/leeswood.ca\/about-us\/health-safety\/\",\"url\":\"https:\/\/leeswood.ca\/about-us\/health-safety\/\",\"name\":\"Health & Safety - Leeswood Construction\",\"isPartOf\":{\"@id\":\"https:\/\/leeswood.ca\/fr\/#website\"},\"primaryImageOfPage\":{\"@id\":\"https:\/\/leeswood.ca\/about-us\/health-safety\/#primaryimage\"},\"image\":{\"@id\":\"https:\/\/leeswood.ca\/about-us\/health-safety\/#primaryimage\"},\"thumbnailUrl\":\"http:\/\/leeswood.ca\/wp-content\/uploads\/COR-Alberta-228x300.jpg\",\"datePublished\":\"2021-06-19T05:33:35+00:00\",\"dateModified\":\"2022-03-17T16:29:24+00:00\",\"breadcrumb\":{\"@id\":\"https:\/\/leeswood.ca\/about-us\/health-safety\/#breadcrumb\"},\"inLanguage\":\"fr-CA\",\"potentialAction\":[{\"@type\":\"ReadAction\",\"target\":[\"https:\/\/leeswood.ca\/about-us\/health-safety\/\"]}]},{\"@type\":\"ImageObject\",\"inLanguage\":\"fr-CA\",\"@id\":\"https:\/\/leeswood.ca\/about-us\/health-safety\/#primaryimage\",\"url\":\"http:\/\/leeswood.ca\/wp-content\/uploads\/COR-Alberta-228x300.jpg\",\"contentUrl\":\"http:\/\/leeswood.ca\/wp-content\/uploads\/COR-Alberta-228x300.jpg\"},{\"@type\":\"BreadcrumbList\",\"@id\":\"https:\/\/leeswood.ca\/about-us\/health-safety\/#breadcrumb\",\"itemListElement\":[{\"@type\":\"ListItem\",\"position\":1,\"name\":\"Home\",\"item\":\"https:\/\/leeswood.ca\/\"},{\"@type\":\"ListItem\",\"position\":2,\"name\":\"Corporate Overview\",\"item\":\"https:\/\/leeswood.ca\/about-us\/\"},{\"@type\":\"ListItem\",\"position\":3,\"name\":\"Health &#038; Safety\"}]},{\"@type\":\"WebSite\",\"@id\":\"https:\/\/leeswood.ca\/fr\/#website\",\"url\":\"https:\/\/leeswood.ca\/fr\/\",\"name\":\"Leeswood Construction\",\"description\":\"Design \/ Build Specialists\",\"potentialAction\":[{\"@type\":\"SearchAction\",\"target\":{\"@type\":\"EntryPoint\",\"urlTemplate\":\"https:\/\/leeswood.ca\/fr\/?s={search_term_string}\"},\"query-input\":\"required name=search_term_string\"}],\"inLanguage\":\"fr-CA\"}]}<\/script>\n<!-- \/ Yoast SEO plugin. -->","yoast_head_json":{"title":"Health & Safety - Leeswood Construction","robots":{"index":"index","follow":"follow","max-snippet":"max-snippet:-1","max-image-preview":"max-image-preview:large","max-video-preview":"max-video-preview:-1"},"canonical":"https:\/\/leeswood.ca\/fr\/about-us\/health-safety\/","og_locale":"fr_CA","og_type":"article","og_title":"Health & Safety - Leeswood Construction","og_description":"Leeswood Construction recognizes the utmost importance on the health, safety and well-being of our employees and others who may be affected by our work.\u00a0 It is our responsibility to achieve and maintain a safe and healthy working environment. We have developed a Health &amp; Safety Program to promote workplace safety and control unsafe working conditions.&hellip; Continue reading Health &#038; Safety","og_url":"https:\/\/leeswood.ca\/fr\/about-us\/health-safety\/","og_site_name":"Leeswood Construction","article_publisher":"https:\/\/www.facebook.com\/LeeswoodConstruction\/","article_modified_time":"2022-03-17T16:29:24+00:00","og_image":[{"url":"http:\/\/leeswood.ca\/wp-content\/uploads\/COR-Alberta-228x300.jpg"}],"twitter_card":"summary_large_image","twitter_misc":{"Estimation du temps de lecture":"1 minute"},"schema":{"@context":"https:\/\/schema.org","@graph":[{"@type":"WebPage","@id":"https:\/\/leeswood.ca\/about-us\/health-safety\/","url":"https:\/\/leeswood.ca\/about-us\/health-safety\/","name":"Health & Safety - Leeswood Construction","isPartOf":{"@id":"https:\/\/leeswood.ca\/fr\/#website"},"primaryImageOfPage":{"@id":"https:\/\/leeswood.ca\/about-us\/health-safety\/#primaryimage"},"image":{"@id":"https:\/\/leeswood.ca\/about-us\/health-safety\/#primaryimage"},"thumbnailUrl":"http:\/\/leeswood.ca\/wp-content\/uploads\/COR-Alberta-228x300.jpg","datePublished":"2021-06-19T05:33:35+00:00","dateModified":"2022-03-17T16:29:24+00:00","breadcrumb":{"@id":"https:\/\/leeswood.ca\/about-us\/health-safety\/#breadcrumb"},"inLanguage":"fr-CA","potentialAction":[{"@type":"ReadAction","target":["https:\/\/leeswood.ca\/about-us\/health-safety\/"]}]},{"@type":"ImageObject","inLanguage":"fr-CA","@id":"https:\/\/leeswood.ca\/about-us\/health-safety\/#primaryimage","url":"http:\/\/leeswood.ca\/wp-content\/uploads\/COR-Alberta-228x300.jpg","contentUrl":"http:\/\/leeswood.ca\/wp-content\/uploads\/COR-Alberta-228x300.jpg"},{"@type":"BreadcrumbList","@id":"https:\/\/leeswood.ca\/about-us\/health-safety\/#breadcrumb","itemListElement":[{"@type":"ListItem","position":1,"name":"Home","item":"https:\/\/leeswood.ca\/"},{"@type":"ListItem","position":2,"name":"Corporate Overview","item":"https:\/\/leeswood.ca\/about-us\/"},{"@type":"ListItem","position":3,"name":"Health &#038; Safety"}]},{"@type":"WebSite","@id":"https:\/\/leeswood.ca\/fr\/#website","url":"https:\/\/leeswood.ca\/fr\/","name":"Leeswood Construction","description":"Design \/ Build Specialists","potentialAction":[{"@type":"SearchAction","target":{"@type":"EntryPoint","urlTemplate":"https:\/\/leeswood.ca\/fr\/?s={search_term_string}"},"query-input":"required name=search_term_string"}],"inLanguage":"fr-CA"}]}},"_links":{"self":[{"href":"https:\/\/leeswood.ca\/fr\/wp-json\/wp\/v2\/pages\/808"}],"collection":[{"href":"https:\/\/leeswood.ca\/fr\/wp-json\/wp\/v2\/pages"}],"about":[{"href":"https:\/\/leeswood.ca\/fr\/wp-json\/wp\/v2\/types\/page"}],"author":[{"embeddable":true,"href":"https:\/\/leeswood.ca\/fr\/wp-json\/wp\/v2\/users\/1"}],"replies":[{"embeddable":true,"href":"https:\/\/leeswood.ca\/fr\/wp-json\/wp\/v2\/comments?post=808"}],"version-history":[{"count":23,"href":"https:\/\/leeswood.ca\/fr\/wp-json\/wp\/v2\/pages\/808\/revisions"}],"predecessor-version":[{"id":2768,"href":"https:\/\/leeswood.ca\/fr\/wp-json\/wp\/v2\/pages\/808\/revisions\/2768"}],"up":[{"embeddable":true,"href":"https:\/\/leeswood.ca\/fr\/wp-json\/wp\/v2\/pages\/240"}],"wp:attachment":[{"href":"https:\/\/leeswood.ca\/fr\/wp-json\/wp\/v2\/media?parent=808"}],"curies":[{"name":"wp","href":"https:\/\/api.w.org\/{rel}","templated":true}]}}